{"id":4822,"date":"2021-06-29T10:57:17","date_gmt":"2021-06-29T10:57:17","guid":{"rendered":"https:\/\/legacy.agrilink2020.eu\/pracovni-balicky\/pracovni-balicek-2-pripadove-studie-v-oblasti-inovaci"},"modified":"2022-04-17T08:59:54","modified_gmt":"2022-04-17T08:59:54","slug":"pracovni-balicek-2-pripadove-studie-v-oblasti-inovaci","status":"publish","type":"page","link":"https:\/\/www.agrilink2020.eu\/cs\/pracovni-balicky\/pracovni-balicek-2-pripadove-studie-v-oblasti-inovaci","title":{"rendered":"Pracovn\u00ed bal\u00ed\u010dek 2 (P\u0159\u00edpadov\u00e9 studie v oblasti inovac\u00ed)"},"content":{"rendered":"\n<p>V r\u00e1mci tohoto pracovn\u00edho bal\u00ed\u010dku byly z\u00edsk\u00e1ny komplexn\u00ed poznatky t\u00fdkaj\u00edc\u00ed se: <\/p>\n\n\n\n<ol><li>ndividu\u00e1ln\u00edho znalostn\u00edho syst\u00e9m (tzv. \u201emikroAKIS&#8220;), kter\u00fd si zem\u011bd\u011blci sami vytv\u00e1\u0159ej\u00ed \u010di sestavuj\u00ed, v\u010detn\u011b \u0159ady jednotlivc\u016f, organizac\u00ed a s\u00edt\u00ed, u nich\u017e vyhled\u00e1vaj\u00ed slu\u017eby a vym\u011b\u0148uj\u00ed si s nimi poznatky, a<\/li><li>rozhodovac\u00edch proces\u016f spojen\u00fdch s p\u0159ij\u00edm\u00e1n\u00edm (\u010di nep\u0159ij\u00edm\u00e1n\u00edm!) inovac\u00ed ze stran zem\u011bd\u011blc\u016f a dopad poradensk\u00fdch slu\u017eeb pro zem\u011bd\u011blce na tato rozhodnut\u00ed.<\/li><\/ol>\n\n\n\n<p>Tyto poznatky byly z\u00edsk\u00e1ny na z\u00e1klad\u011b p\u0159\u00edpadov\u00fdch studi\u00ed a hloubkov\u00fdch rozhovor\u016f se zem\u011bd\u011blci a poradci ve 32 \u201ec\u00edlov\u00fdch regionech&#8220; v Evrop\u011b (viz mapa n\u00ed\u017ee) a ve vztahu k 9 hlavn\u00edm oblastem zem\u011bd\u011blsk\u00fdch inovac\u00ed:<\/p>\n\n\n\n<ul><li>Autonomn\u00ed vozidla, roboty, drony, inteligentn\u00ed senzory a p\u0159esn\u00e9 zem\u011bd\u011blstv\u00ed<\/li><li>Biologick\u00e1 ochrana proti \u0161k\u016fdc\u016fm<\/li><li>Zlep\u0161en\u00ed p\u016fdy <\/li><li>Retroinovace (op\u011btovn\u00e9 vytvo\u0159en\u00ed, vynalezen\u00ed a zaveden\u00ed tradi\u010dn\u00edch produkt\u016f\/plodin)<\/li><li>Zav\u00e1d\u011bn\u00ed nov\u00fdch plodin (lu\u0161t\u011bniny, superpotraviny, zdrav\u00e1 semena atd.)<\/li><li>Rozvoj nov\u00fdch aktivit (rekreace, zdravotn\u00ed p\u00e9\u010de, p\u0159\u00edrodn\u00ed zdroje, obnoviteln\u00e9 zdroje energie atd.)<\/li><li>P\u0159\u00edm\u00fd marketing a m\u00edstn\u00ed produkty<\/li><li>Spole\u010dn\u00e9 hospoda\u0159en\u00ed s p\u0159\u00edrodn\u00edmi zdroji (voda, pastviny, lesy atd.)<\/li><li>Inovativn\u00ed opat\u0159en\u00ed v oblasti pracovn\u00ed s\u00edly<\/li><\/ul>\n\n\n\n<hr class=\"wp-block-separator\"\/>\n\n\n\n<p>Z\u00e1v\u011bre\u010dnou zpr\u00e1vu o t\u00e9to pr\u00e1ci si m\u016f\u017eete st\u00e1hnout <a rel=\"noreferrer noopener\" href=\"http:\/\/www.agrilink2020.eu\/wp-content\/uploads\/2019\/01\/AgriLink_Synthesis-Report-of-WP2.Small_.pdf\" target=\"_blank\">zde<\/a><\/p>\n\n\n\n<hr class=\"wp-block-separator\"\/>\n\n\n\n<p>Pod\u00edvejte se na vysv\u011btluj\u00edc\u00ed video na YouTube zde<\/p>\n\n\n\n<figure class=\"wp-block-embed is-type-video is-provider-youtube wp-block-embed-youtube wp-embed-aspect-16-9 wp-has-aspect-ratio\"><div class=\"wp-block-embed__wrapper\">\n<iframe loading=\"lazy\" title=\"AgriLink: Regional innovation case-studies across Europe (Work package 2)\" width=\"500\" height=\"281\" src=\"https:\/\/www.youtube.com\/embed\/JOFp0Kl3W-I?start=2&#038;feature=oembed\" frameborder=\"0\" allow=\"accelerometer; autoplay; clipboard-write; encrypted-media; gyroscope; picture-in-picture\" allowfullscreen><\/iframe>\n<\/div><\/figure>\n","protected":false},"excerpt":{"rendered":"<p>V r\u00e1mci tohoto pracovn\u00edho bal\u00ed\u010dku byly z\u00edsk\u00e1ny komplexn\u00ed poznatky t\u00fdkaj\u00edc\u00ed se: ndividu\u00e1ln\u00edho znalostn\u00edho syst\u00e9m (tzv. \u201emikroAKIS&#8220;), kter\u00fd si zem\u011bd\u011blci sami vytv\u00e1\u0159ej\u00ed \u010di sestavuj\u00ed, v\u010detn\u011b \u0159ady jednotlivc\u016f, organizac\u00ed a s\u00edt\u00ed, u nich\u017e vyhled\u00e1vaj\u00ed slu\u017eby a vym\u011b\u0148uj\u00ed si s nimi poznatky, a rozhodovac\u00edch proces\u016f spojen\u00fdch s p\u0159ij\u00edm\u00e1n\u00edm (\u010di nep\u0159ij\u00edm\u00e1n\u00edm!) inovac\u00ed ze stran zem\u011bd\u011blc\u016f a dopad poradensk\u00fdch slu\u017eeb &hellip; <a href=\"https:\/\/www.agrilink2020.eu\/cs\/pracovni-balicky\/pracovni-balicek-2-pripadove-studie-v-oblasti-inovaci\">Continued<\/a><\/p>\n","protected":false},"author":1,"featured_media":0,"parent":4818,"menu_order":0,"comment_status":"closed","ping_status":"closed","template":"views\/template-child.blade.php","meta":[],"_links":{"self":[{"href":"https:\/\/www.agrilink2020.eu\/cs\/wp-json\/wp\/v2\/pages\/4822"}],"collection":[{"href":"https:\/\/www.agrilink2020.eu\/cs\/wp-json\/wp\/v2\/pages"}],"about":[{"href":"https:\/\/www.agrilink2020.eu\/cs\/wp-json\/wp\/v2\/types\/page"}],"author":[{"embeddable":true,"href":"https:\/\/www.agrilink2020.eu\/cs\/wp-json\/wp\/v2\/users\/1"}],"replies":[{"embeddable":true,"href":"https:\/\/www.agrilink2020.eu\/cs\/wp-json\/wp\/v2\/comments?post=4822"}],"version-history":[{"count":3,"href":"https:\/\/www.agrilink2020.eu\/cs\/wp-json\/wp\/v2\/pages\/4822\/revisions"}],"predecessor-version":[{"id":7058,"href":"https:\/\/www.agrilink2020.eu\/cs\/wp-json\/wp\/v2\/pages\/4822\/revisions\/7058"}],"up":[{"embeddable":true,"href":"https:\/\/www.agrilink2020.eu\/cs\/wp-json\/wp\/v2\/pages\/4818"}],"wp:attachment":[{"href":"https:\/\/www.agrilink2020.eu\/cs\/wp-json\/wp\/v2\/media?parent=4822"}],"curies":[{"name":"wp","href":"https:\/\/api.w.org\/{rel}","templated":true}]}}