{"id":4854,"date":"2021-06-29T09:36:52","date_gmt":"2021-06-29T09:36:52","guid":{"rendered":"https:\/\/legacy.agrilink2020.eu\/work-packages\/arbeitspaket-1-konzeptioneller-rahmen"},"modified":"2022-03-23T11:28:54","modified_gmt":"2022-03-23T11:28:54","slug":"arbeitspaket-1-konzeptioneller-rahmen","status":"publish","type":"page","link":"https:\/\/www.agrilink2020.eu\/de\/work-packages\/arbeitspaket-1-konzeptioneller-rahmen","title":{"rendered":"Arbeitspaket 1 (Konzeptioneller Rahmen)"},"content":{"rendered":"\n<p>Es gibt eine Vielzahl unterschiedlicher (praktischer und theoretischer) Perspektiven dazu, wie Landwirte Entscheidungen treffen, welche Rolle Beratungsorganisationen bei diesen Entscheidungsprozessen spielen und wie Beratungsorganisationen organisiert und gef\u00fchrt werden. In diesem Arbeitspaket wurden all diese Perspektiven in einem einheitlichen Rahmen zusammengef\u00fchrt, der als Leitfaden f\u00fcr die Forschung in anderen Teilen des Projekts dienen soll. <\/p>\n\n\n\n<hr class=\"wp-block-separator\"\/>\n\n\n\n<p>Weitere Informationen finden Sie <a rel=\"noreferrer noopener\" href=\"https:\/\/www.agrilink2020.eu\/work-package\/wp1-multi-level-framework\/\" target=\"_blank\">hier.<\/a><\/p>\n\n\n\n<hr class=\"wp-block-separator\"\/>\n\n\n\n<p>Sehen Sie sich hier das Erkl\u00e4rvideo auf YouTube an<\/p>\n\n\n\n<figure class=\"wp-block-embed is-type-video is-provider-youtube wp-block-embed-youtube wp-embed-aspect-16-9 wp-has-aspect-ratio\"><div class=\"wp-block-embed__wrapper\">\n<iframe loading=\"lazy\" title=\"Agrilink Conceptual framework (Work Package 1)\" width=\"500\" height=\"281\" src=\"https:\/\/www.youtube.com\/embed\/qjQx2nNeM8o?start=69&#038;feature=oembed\" frameborder=\"0\" allow=\"accelerometer; autoplay; clipboard-write; encrypted-media; gyroscope; picture-in-picture\" allowfullscreen><\/iframe>\n<\/div><\/figure>\n\n\n\n<div style=\"height:1px\" aria-hidden=\"true\" class=\"wp-block-spacer\"><\/div>\n\n\n\n<h3><\/h3>\n\n\n\n<p><\/p>\n","protected":false},"excerpt":{"rendered":"<p>Es gibt eine Vielzahl unterschiedlicher (praktischer und theoretischer) Perspektiven dazu, wie Landwirte Entscheidungen treffen, welche Rolle Beratungsorganisationen bei diesen Entscheidungsprozessen spielen und wie Beratungsorganisationen organisiert und gef\u00fchrt werden. In diesem Arbeitspaket wurden all diese Perspektiven in einem einheitlichen Rahmen zusammengef\u00fchrt, der als Leitfaden f\u00fcr die Forschung in anderen Teilen des Projekts dienen soll. Weitere Informationen &hellip; <a href=\"https:\/\/www.agrilink2020.eu\/de\/work-packages\/arbeitspaket-1-konzeptioneller-rahmen\">Continued<\/a><\/p>\n","protected":false},"author":1,"featured_media":0,"parent":4841,"menu_order":0,"comment_status":"closed","ping_status":"closed","template":"views\/template-child.blade.php","meta":[],"_links":{"self":[{"href":"https:\/\/www.agrilink2020.eu\/de\/wp-json\/wp\/v2\/pages\/4854"}],"collection":[{"href":"https:\/\/www.agrilink2020.eu\/de\/wp-json\/wp\/v2\/pages"}],"about":[{"href":"https:\/\/www.agrilink2020.eu\/de\/wp-json\/wp\/v2\/types\/page"}],"author":[{"embeddable":true,"href":"https:\/\/www.agrilink2020.eu\/de\/wp-json\/wp\/v2\/users\/1"}],"replies":[{"embeddable":true,"href":"https:\/\/www.agrilink2020.eu\/de\/wp-json\/wp\/v2\/comments?post=4854"}],"version-history":[{"count":7,"href":"https:\/\/www.agrilink2020.eu\/de\/wp-json\/wp\/v2\/pages\/4854\/revisions"}],"predecessor-version":[{"id":4903,"href":"https:\/\/www.agrilink2020.eu\/de\/wp-json\/wp\/v2\/pages\/4854\/revisions\/4903"}],"up":[{"embeddable":true,"href":"https:\/\/www.agrilink2020.eu\/de\/wp-json\/wp\/v2\/pages\/4841"}],"wp:attachment":[{"href":"https:\/\/www.agrilink2020.eu\/de\/wp-json\/wp\/v2\/media?parent=4854"}],"curies":[{"name":"wp","href":"https:\/\/api.w.org\/{rel}","templated":true}]}}