{"id":4908,"date":"2021-06-29T10:58:49","date_gmt":"2021-06-29T10:58:49","guid":{"rendered":"https:\/\/legacy.agrilink2020.eu\/work-packages\/arbeitspaket-3-living-labs"},"modified":"2022-04-17T09:10:47","modified_gmt":"2022-04-17T09:10:47","slug":"arbeitspaket-3-living-labs","status":"publish","type":"page","link":"https:\/\/www.agrilink2020.eu\/de\/work-packages\/arbeitspaket-3-living-labs","title":{"rendered":"Arbeitspaket 3 (Lebende Labore)"},"content":{"rendered":"\n<p>\u201eLebende Labore\u201c (Living Labs) bieten einen zunehmend etablierten Ansatz zur F\u00f6rderung von Innovation durch Zusammenarbeit und gemeinsames Schaffen. Anders als traditionelle Labore arbeitet ein Lebendes Labor in einem realen Kontext und konzentriert sich darauf, die tats\u00e4chlichen Bed\u00fcrfnisse der beteiligten Personen zu erf\u00fcllen. Lebende Labore eignen sich sehr gut, um komplexe Probleme, die einzelne Personen nur schwer l\u00f6sen k\u00f6nnen, zu bew\u00e4ltigen.  <\/p>\n\n\n\n<p>In diesem Arbeitspaket wurde die Living-Lab-Methode zur Entwicklung und Erprobung neuer und verbesserter landwirtschaftlicher Beratungsinstrumente und -dienste in sechs unterschiedlichen Settings in Norwegen, Lettland, Rum\u00e4nien, Spanien, Italien und den Niederlanden\/Belgien angewendet. Die Projektpartner wurden darin geschult, die Lebenden Labore in diesen L\u00e4ndern durchzuf\u00fchren, zu f\u00f6rdern und zu \u00fcberwachen.  Jedes der sechs Lebenden Labore entsprach den besonderen Eigenheiten und Dynamiken des jeweiligen lokalen und nationalen Kontextes. <\/p>\n\n\n\n<hr class=\"wp-block-separator\"\/>\n\n\n\n<p>Weitere Informationen finden Sie <a href=\"https:\/\/www.agrilink2020.eu\/work-package\/wp3-living-labs-for-innovation-support-services\/\" target=\"_blank\" rel=\"noreferrer noopener\">hier<\/a>.<\/p>\n\n\n\n<hr class=\"wp-block-separator\"\/>\n\n\n\n<p>Sehen Sie sich hier das Erkl\u00e4rvideo auf YouTube an<\/p>\n\n\n\n<figure class=\"wp-block-embed is-type-video is-provider-youtube wp-block-embed-youtube wp-embed-aspect-16-9 wp-has-aspect-ratio\"><div class=\"wp-block-embed__wrapper\">\n<iframe loading=\"lazy\" title=\"AgriLink Living Lab presentation - Work Package 3\" width=\"500\" height=\"281\" src=\"https:\/\/www.youtube.com\/embed\/JqC9ErkFbyI?start=6&#038;feature=oembed\" frameborder=\"0\" allow=\"accelerometer; autoplay; clipboard-write; encrypted-media; gyroscope; picture-in-picture\" allowfullscreen><\/iframe>\n<\/div><\/figure>\n","protected":false},"excerpt":{"rendered":"<p>\u201eLebende Labore\u201c (Living Labs) bieten einen zunehmend etablierten Ansatz zur F\u00f6rderung von Innovation durch Zusammenarbeit und gemeinsames Schaffen. Anders als traditionelle Labore arbeitet ein Lebendes Labor in einem realen Kontext und konzentriert sich darauf, die tats\u00e4chlichen Bed\u00fcrfnisse der beteiligten Personen zu erf\u00fcllen. Lebende Labore eignen sich sehr gut, um komplexe Probleme, die einzelne Personen nur &hellip; <a href=\"https:\/\/www.agrilink2020.eu\/de\/work-packages\/arbeitspaket-3-living-labs\">Continued<\/a><\/p>\n","protected":false},"author":1,"featured_media":0,"parent":4841,"menu_order":0,"comment_status":"closed","ping_status":"closed","template":"views\/template-child.blade.php","meta":[],"_links":{"self":[{"href":"https:\/\/www.agrilink2020.eu\/de\/wp-json\/wp\/v2\/pages\/4908"}],"collection":[{"href":"https:\/\/www.agrilink2020.eu\/de\/wp-json\/wp\/v2\/pages"}],"about":[{"href":"https:\/\/www.agrilink2020.eu\/de\/wp-json\/wp\/v2\/types\/page"}],"author":[{"embeddable":true,"href":"https:\/\/www.agrilink2020.eu\/de\/wp-json\/wp\/v2\/users\/1"}],"replies":[{"embeddable":true,"href":"https:\/\/www.agrilink2020.eu\/de\/wp-json\/wp\/v2\/comments?post=4908"}],"version-history":[{"count":5,"href":"https:\/\/www.agrilink2020.eu\/de\/wp-json\/wp\/v2\/pages\/4908\/revisions"}],"predecessor-version":[{"id":7061,"href":"https:\/\/www.agrilink2020.eu\/de\/wp-json\/wp\/v2\/pages\/4908\/revisions\/7061"}],"up":[{"embeddable":true,"href":"https:\/\/www.agrilink2020.eu\/de\/wp-json\/wp\/v2\/pages\/4841"}],"wp:attachment":[{"href":"https:\/\/www.agrilink2020.eu\/de\/wp-json\/wp\/v2\/media?parent=4908"}],"curies":[{"name":"wp","href":"https:\/\/api.w.org\/{rel}","templated":true}]}}