{"id":4918,"date":"2021-06-29T10:59:49","date_gmt":"2021-06-29T10:59:49","guid":{"rendered":"https:\/\/legacy.agrilink2020.eu\/work-packages\/arbeitspaket-5-analyse-und-empfehlungen"},"modified":"2022-03-23T11:30:01","modified_gmt":"2022-03-23T11:30:01","slug":"arbeitspaket-5-analyse-und-empfehlungen","status":"publish","type":"page","link":"https:\/\/www.agrilink2020.eu\/de\/work-packages\/arbeitspaket-5-analyse-und-empfehlungen","title":{"rendered":"Arbeitspaket 5 (Analyse und Empfehlungen)"},"content":{"rendered":"\n<p>Das AgriLink-Projekt hat eine gro\u00dfe Menge an Forschungsergebnissen (einschlie\u00dflich quantitativer und qualitativer Daten), insbesondere aus den Arbeitspaketen 2, 3 und 4, hervorgebracht. Die Aufgabe bei diesem Arbeitspaket bestand darin, all diese Forschungsergebnisse zusammenzuf\u00fchren und zu analysieren, um die wichtigsten Erkenntnisse aus dem Projekt zu ermitteln und auf dieser Grundlage anschlie\u00dfend Politikempfehlungen zu formulieren.  <\/p>\n\n\n\n<p>Hierf\u00fcr wurde eine spezielle Methode entwickelt, die sowohl Schreibtischarbeit als auch eine Reihe interaktiver Workshops mit Landwirten und Beratern in allen Partnerl\u00e4ndern umfasste.<\/p>\n\n\n\n<p>Die endg\u00fcltigen Empfehlungen wurden in den Kontext der Vorbereitungen f\u00fcr die Gemeinsame Agrarpolitik (GAP) 2023-2027 und die Notwendigkeit eingebettet, dass landwirtschaftliche Beratungsdienste eine viel gr\u00f6\u00dfere Rolle bei der Unterst\u00fctzung des \u00dcbergangs zu einer nachhaltigeren und klimavertr\u00e4glichen Landwirtschaft spielen sollten. Die abschlie\u00dfenden Ergebnisse dieses Arbeitspakets umfassten:<\/p>\n\n\n\n<ul><li>Gute Beispiele und bew\u00e4hrte Praktiken f\u00fcr gut vernetzte und effektive Systeme der landwirtschaftlichen Betriebsberatung<\/li><li>Empfehlungen zur Verbesserung der Leistung und Wirksamkeit der Beratungsdienste<\/li><li>Vorschl\u00e4ge f\u00fcr verbesserte Steuerungsmodelle und zugeh\u00f6rige politische Mechanismen.<\/li><\/ul>\n\n\n\n<hr class=\"wp-block-separator\"\/>\n\n\n\n<p>Weitere Informationen finden Sie <a rel=\"noreferrer noopener\" href=\"https:\/\/www.agrilink2020.eu\/wp-content\/uploads\/2022\/01\/AgriLink.Policy.recommendations.report_Deliverable_26.pdf\" target=\"_blank\">hier.<\/a><\/p>\n\n\n\n<hr class=\"wp-block-separator\"\/>\n","protected":false},"excerpt":{"rendered":"<p>Das AgriLink-Projekt hat eine gro\u00dfe Menge an Forschungsergebnissen (einschlie\u00dflich quantitativer und qualitativer Daten), insbesondere aus den Arbeitspaketen 2, 3 und 4, hervorgebracht. Die Aufgabe bei diesem Arbeitspaket bestand darin, all diese Forschungsergebnisse zusammenzuf\u00fchren und zu analysieren, um die wichtigsten Erkenntnisse aus dem Projekt zu ermitteln und auf dieser Grundlage anschlie\u00dfend Politikempfehlungen zu formulieren. Hierf\u00fcr wurde &hellip; <a href=\"https:\/\/www.agrilink2020.eu\/de\/work-packages\/arbeitspaket-5-analyse-und-empfehlungen\">Continued<\/a><\/p>\n","protected":false},"author":1,"featured_media":0,"parent":4841,"menu_order":0,"comment_status":"closed","ping_status":"closed","template":"views\/template-child.blade.php","meta":[],"_links":{"self":[{"href":"https:\/\/www.agrilink2020.eu\/de\/wp-json\/wp\/v2\/pages\/4918"}],"collection":[{"href":"https:\/\/www.agrilink2020.eu\/de\/wp-json\/wp\/v2\/pages"}],"about":[{"href":"https:\/\/www.agrilink2020.eu\/de\/wp-json\/wp\/v2\/types\/page"}],"author":[{"embeddable":true,"href":"https:\/\/www.agrilink2020.eu\/de\/wp-json\/wp\/v2\/users\/1"}],"replies":[{"embeddable":true,"href":"https:\/\/www.agrilink2020.eu\/de\/wp-json\/wp\/v2\/comments?post=4918"}],"version-history":[{"count":4,"href":"https:\/\/www.agrilink2020.eu\/de\/wp-json\/wp\/v2\/pages\/4918\/revisions"}],"predecessor-version":[{"id":4938,"href":"https:\/\/www.agrilink2020.eu\/de\/wp-json\/wp\/v2\/pages\/4918\/revisions\/4938"}],"up":[{"embeddable":true,"href":"https:\/\/www.agrilink2020.eu\/de\/wp-json\/wp\/v2\/pages\/4841"}],"wp:attachment":[{"href":"https:\/\/www.agrilink2020.eu\/de\/wp-json\/wp\/v2\/media?parent=4918"}],"curies":[{"name":"wp","href":"https:\/\/api.w.org\/{rel}","templated":true}]}}