{"id":5098,"date":"2021-06-29T12:53:31","date_gmt":"2021-06-29T12:53:31","guid":{"rendered":"https:\/\/legacy.agrilink2020.eu\/glossar"},"modified":"2022-04-04T12:58:06","modified_gmt":"2022-04-04T12:58:06","slug":"glossar","status":"publish","type":"page","link":"https:\/\/www.agrilink2020.eu\/de\/glossar","title":{"rendered":"Glossar"},"content":{"rendered":"\n<h1><\/h1>\n\n<h2 id=\"glossary\"><a>Glossar<\/a><\/h2>\n\n<p><strong>EIN<\/strong><\/p>\n\n<p><strong>Agricultural Knowledge and Innovation System (AKIS)<\/strong> &#8211; die Sammlung aller Personen und Organisationen (zusammen mit zugeh\u00f6rigen Prozessen und Vorschriften), die Wissen und Innovationen f\u00fcr die Land-, Forst- und l\u00e4ndliche Entwicklung generieren, teilen und nutzen. <\/p>\n\n<p><strong>B<\/strong><\/p>\n\n<p><strong>Back-Office\/ Front-Office<\/strong> \u2013 Bei landwirtschaftlichen Beratungsdiensten ist das \u201eFront-Office\u201c der Ort, an dem professionelle Beziehungen zwischen Landwirten und Beratern entwickelt und umgesetzt werden. Im \u201eBackoffice\u201c werden Erkenntnisse und Wissen gesammelt und aktualisiert (z. B. Schulung und Vernetzung von Beratern, Forschung und Entwicklung).<\/p>\n\n<p><strong>F<\/strong><\/p>\n\n<p><strong>Farm Advisory Services \u2013<\/strong> eine Reihe von Organisationen, die es Landwirten erm\u00f6glichen, L\u00f6sungen auf Farmebene zu entwickeln, F\u00e4higkeiten zu verbessern und gemeinsam mit Beratern neues Wissen zu schaffen. Diese Organisationen kombinieren h\u00e4ufig Front- und Back-Office-T\u00e4tigkeiten und umfassen traditionelle Beratungsanbieter (Landwirtschaftskammern, \u00f6ffentliche Einrichtungen usw.), b\u00e4uerliche Organisationen (Gewerkschaften, Verb\u00e4nde, Genossenschaften usw.), unabh\u00e4ngige Berater, NGOs und kommerzielle Anbieter von technischen Produkten und Dienstleistungen etc.<\/p>\n\n<p><strong>Farmer &#8211;<\/strong> ein Produzent von Agrarrohstoffen. Der Begriff umfasst die gesamte Bandbreite an Betriebsgr\u00f6\u00dfen und -typen sowie Mitglieder einer Bauernfamilie, Betriebsleiter und Betriebsmitarbeiter <strong>.<\/strong><\/p>\n\n<p><strong>g<\/strong><\/p>\n\n<p><strong>Governance \u2013<\/strong> die M\u00e4rkte, Richtlinien, Vorschriften, Netzwerke und sozialen Normen, die die Regeln f\u00fcr Aktivit\u00e4ten in einem bestimmten Kontext erstellen und durchsetzen.<\/p>\n\n<p><strong>h<\/strong><\/p>\n\n<p><strong><a href=\"https:\/\/ec.europa.eu\/programmes\/horizon2020\/en\/what-horizon-2020\">Horizon 2020<\/a> (H2020) \u2013<\/strong> das Forschungs- und Innovationsprogramm der Europ\u00e4ischen Union f\u00fcr den Zeitraum 2014-2020.<\/p>\n\n<p><strong>ich<\/strong><\/p>\n\n<p><strong>Innovation &#8211;<\/strong> die Einf\u00fchrung eines neuen oder erheblich verbesserten Produkts (Ware oder Dienstleistung) oder Prozesses. Innovationsaktivit\u00e4ten sind alle wissenschaftlichen, technologischen, organisatorischen, finanziellen und kommerziellen Aktivit\u00e4ten, die zur Schaffung, Annahme und Nutzung von Innovationen beitragen.<\/p>\n\n<p><strong>Innovationsbereiche \u2013<\/strong> die acht spezifischen Innovationstypen, die f\u00fcr die Untersuchung im AgriLink-Projekt ausgew\u00e4hlt wurden.<\/p>\n\n<p><strong>K<\/strong><\/p>\n\n<p><strong>Knowledge Intensive Business Services (KIBS) \u2013<\/strong> Unternehmen, deren prim\u00e4re Inputs und Outputs verschiedene Formen von Wissen sind.<\/p>\n\n<p><strong>Wissen \u2013<\/strong> Fakten, Informationen, Verst\u00e4ndnis und F\u00e4higkeiten, die durch Erfahrung, Bildung oder Forschung erworben wurden.<\/p>\n\n<p><strong>L<\/strong><\/p>\n\n<p><strong>Lernen &#8211;<\/strong> der Erwerb von Wissen oder F\u00e4higkeiten durch Studium, Erfahrung oder Unterricht.<\/p>\n\n<p><strong>Living Laboratory (Lab) \u2013<\/strong> eine Partnerschaft, in der Unternehmen, Beh\u00f6rden, B\u00fcrger und andere relevante Interessengruppen zusammenarbeiten, um neue Dienstleistungen, Gesch\u00e4ftsideen, M\u00e4rkte und Technologien in realen Kontexten zu entwickeln, zu validieren und zu testen.<\/p>\n\n<p><strong>m<\/strong><\/p>\n\n<p><strong>Landwirtschaftliches Wissens- und Informationssystem auf Mikroebene (micro-AKIS) \u2013<\/strong> das pers\u00f6nliche Wissenssystem, das Landwirte f\u00fcr sich selbst konstruieren\/zusammenstellen, einschlie\u00dflich der Reihe von Einzelpersonen, Organisationen und Netzwerken, von denen sie Dienstleistungen anfordern und mit denen sie Wissen austauschen.<\/p>\n\n<p><strong>S<\/strong><\/p>\n\n<p><strong><a href=\"https:\/\/ec.europa.eu\/research\/scar\/index.cfm\">SCAR<\/a><\/strong> (St\u00e4ndiger Ausschuss f\u00fcr Agrarforschung der Europ\u00e4ischen Kommission) \u2013 der Expertenausschuss, der die Europ\u00e4ische Kommission und die EU-Mitgliedstaaten bei der strategischen Planung und Koordinierung der Agrarforschung und der Entwicklung von Forschungskapazit\u00e4ten ber\u00e4t.<\/p>\n\n<p><strong><a href=\"https:\/\/www.wur.nl\/nl\/project\/SCARAKIS-strategic-working-group-3.htm\">SCAR AKIS Strategic Working Group<\/a> (SCAR AKIS Strategic Working Group) \u2013<\/strong> eine Untergruppe des St\u00e4ndigen Ausschusses f\u00fcr Agrarforschung der Europ\u00e4ischen Kommission, die speziell zu Fragen im Zusammenhang mit landwirtschaftlichem Wissen und Innovation ber\u00e4t, einschlie\u00dflich der Zukunft landwirtschaftlicher Beratungsdienste.<\/p>\n\n<p><strong>Nachhaltige Landwirtschaft<\/strong> &#8211; Praktiken, die wirtschaftlich tragf\u00e4hig und umweltvertr\u00e4glich sind und der Gesellschaft einen breiteren Nutzen bieten, ohne das Potenzial zuk\u00fcnftiger Generationen einzuschr\u00e4nken, ihren eigenen Bedarf an Nahrungsmittelproduktion zu decken.<\/p>\n\n<p><strong>T<\/strong><\/p>\n\n<p><strong><a href=\"https:\/\/www.google.co.uk\/search?hl=en&amp;q=Evaluation+criteria+for+H2020+transdisciplinarity&amp;meta=&amp;rlz=&amp;gws_rd=ssl\">Transdisziplin\u00e4r<\/a><\/strong> \u2013 eine wissenschaftliche Herangehensweise und Methodik, die bei Bedarf integriert i) Theorien, Konzepte, Wissen, Daten und Techniken aus zwei oder mehr wissenschaftlichen Disziplinen zusammen mit ii) nicht-akademisches und nicht-formalisiertes Wissen.<\/p>\n\n<hr class=\"wp-block-separator\"\/>\n","protected":false},"excerpt":{"rendered":"<p>Glossar EIN Agricultural Knowledge and Innovation System (AKIS) &#8211; die Sammlung aller Personen und Organisationen (zusammen mit zugeh\u00f6rigen Prozessen und Vorschriften), die Wissen und Innovationen f\u00fcr die Land-, Forst- und l\u00e4ndliche Entwicklung generieren, teilen und nutzen. B Back-Office\/ Front-Office \u2013 Bei landwirtschaftlichen Beratungsdiensten ist das \u201eFront-Office\u201c der Ort, an dem professionelle Beziehungen zwischen Landwirten und &hellip; <a href=\"https:\/\/www.agrilink2020.eu\/de\/glossar\">Continued<\/a><\/p>\n","protected":false},"author":1,"featured_media":0,"parent":0,"menu_order":0,"comment_status":"closed","ping_status":"closed","template":"views\/template-glossary.blade.php","meta":[],"_links":{"self":[{"href":"https:\/\/www.agrilink2020.eu\/de\/wp-json\/wp\/v2\/pages\/5098"}],"collection":[{"href":"https:\/\/www.agrilink2020.eu\/de\/wp-json\/wp\/v2\/pages"}],"about":[{"href":"https:\/\/www.agrilink2020.eu\/de\/wp-json\/wp\/v2\/types\/page"}],"author":[{"embeddable":true,"href":"https:\/\/www.agrilink2020.eu\/de\/wp-json\/wp\/v2\/users\/1"}],"replies":[{"embeddable":true,"href":"https:\/\/www.agrilink2020.eu\/de\/wp-json\/wp\/v2\/comments?post=5098"}],"version-history":[{"count":1,"href":"https:\/\/www.agrilink2020.eu\/de\/wp-json\/wp\/v2\/pages\/5098\/revisions"}],"predecessor-version":[{"id":5099,"href":"https:\/\/www.agrilink2020.eu\/de\/wp-json\/wp\/v2\/pages\/5098\/revisions\/5099"}],"wp:attachment":[{"href":"https:\/\/www.agrilink2020.eu\/de\/wp-json\/wp\/v2\/media?parent=5098"}],"curies":[{"name":"wp","href":"https:\/\/api.w.org\/{rel}","templated":true}]}}