{"id":4798,"date":"2021-06-29T08:21:28","date_gmt":"2021-06-29T08:21:28","guid":{"rendered":"https:\/\/legacy.agrilink2020.eu\/acerca-de-agrilink"},"modified":"2022-03-14T10:47:13","modified_gmt":"2022-03-14T10:47:13","slug":"acerca-de-agrilink","status":"publish","type":"page","link":"https:\/\/www.agrilink2020.eu\/es\/acerca-de-agrilink","title":{"rendered":"Acerca de AgriLink"},"content":{"rendered":"\n<h3 id=\"agricultural-knowledge-linking-farmers-advisors-and-researchers-to-boost-innovation-agrilink\"><strong>Conocimiento agr\u00edcola: Poner en contacto a agricultores, asesores e investigadores para impulsar la innovaci\u00f3n (AgriLink)<\/strong><\/h3>\n\n<figure class=\"wp-block-table\"><table><tbody><tr><td>AgriLink fue financiado desde junio de 2017 hasta noviembre de 2021 por el programa de investigaci\u00f3n e innovaci\u00f3n Horizonte 2020 de la Uni\u00f3n Europea.<\/td><\/tr><tr><td>El proyecto pretend\u00eda estimular la transici\u00f3n hacia una agricultura m\u00e1s sostenible mejorando la comprensi\u00f3n del papel que desempe\u00f1an los asesores agr\u00edcolas en la toma de decisiones de los agricultores y la adopci\u00f3n de innovaciones en la gran variedad de tipos de explotaciones agr\u00edcolas que existen en Europa. <\/td><\/tr><tr><td>AgriLink fue implementado por un consorcio de 16 socios de 13 pa\u00edses. Trabajaron en 26 regiones prioritarias, 9 \u00e1reas espec\u00edficas de innovaci\u00f3n y seis \u00ablaboratorios vivientes\u00bb (Living Labs) para identificar y analizar las m\u00faltiples fuentes de asesoramiento utilizadas en la toma de decisiones de los agricultores y c\u00f3mo puede mejorarse el rendimiento de los sistemas de asesoramiento agr\u00edcola para promover y apoyar una agricultura m\u00e1s sostenible.<\/td><\/tr><tr><td>Este trabajo se llev\u00f3 a cabo en el contexto de los llamados Sistemas de Innovaci\u00f3n Agr\u00edcola y del Conocimiento (SIA- AKISs seg\u00fan sus siglas en ingl\u00e9s) que existen a nivel nacional\/regional en los Estados miembros de la UE y en otros pa\u00edses.<\/td><\/tr><\/tbody><\/table><\/figure>\n\n<h3 id=\"project-objectives\">Objetivos del proyecto<\/h3>\n\n<figure class=\"wp-block-table\"><table><tbody><tr><td>The specific objectives of the AgriLink project were to: Los objetivos espec\u00edficos del proyecto AgriLink eran:<\/td><\/tr><tr><td>Desarrollar y probar un marco te\u00f3rico para acad\u00e9micos que integre las teor\u00edas sociol\u00f3gicas y econ\u00f3micas y que pueda utilizarse para evaluar c\u00f3mo los asesores agr\u00edcolas influyen en las decisiones tomadas por los agricultores, especialmente en su adopci\u00f3n de la innovaci\u00f3n <\/td><\/tr><tr><td>Engage with as many different types of farmers and advisors as possible to identify and assess the great diversity of formal and informal sources of knowledge and services that farmers use to support the decisions they make about changes on their own farms<\/td><\/tr><tr><td>Determinar la \u00abmejor opci\u00f3n\u00bb que debe existir entre los distintos tipos de servicios de asesoramiento a las explotaciones y las necesidades pr\u00e1cticas y reales de asesoramiento de los agricultores en los distintos contextos europeos y \u00e1mbitos de innovaci\u00f3n<\/td><\/tr><tr><td>Analizar c\u00f3mo funcionan (o no) los diversos modelos existentes de gobernanza y financiaci\u00f3n del asesoramiento agr\u00edcola para apoyar las necesidades de informaci\u00f3n de los agricultores y la adopci\u00f3n de innovaciones para la agricultura sostenible en diversos contextos nacionales y regionales<\/td><\/tr><tr><td>Desarrollar nuevos m\u00e9todos para un intercambio fruct\u00edfero entre agricultores, investigadores y asesores, centr\u00e1ndose espec\u00edficamente en probar c\u00f3mo el enfoque del \u00ablaboratorio viviente\u00bb (Living Lab) puede utilizarse para crear nuevos m\u00e9todos y herramientas innovadoras de asesoramiento agr\u00edcola en una variedad de contextos diferentes<\/td><\/tr><tr><td>Contribuir activamente al debate pol\u00edtico actual sobre el futuro del asesoramiento agr\u00edcola con recomendaciones para mejorar los sistemas de asesoramiento a las explotaciones agr\u00edcolas que se desarrollan desde una perspectiva de investigaci\u00f3n<\/td><\/tr><\/tbody><\/table><\/figure>\n","protected":false},"excerpt":{"rendered":"<p>Conocimiento agr\u00edcola: Poner en contacto a agricultores, asesores e investigadores para impulsar la innovaci\u00f3n (AgriLink) AgriLink fue financiado desde junio de 2017 hasta noviembre de 2021 por el programa de investigaci\u00f3n e innovaci\u00f3n Horizonte 2020 de la Uni\u00f3n Europea. El proyecto pretend\u00eda estimular la transici\u00f3n hacia una agricultura m\u00e1s sostenible mejorando la comprensi\u00f3n del papel &hellip; <a href=\"https:\/\/www.agrilink2020.eu\/es\/acerca-de-agrilink\">Continued<\/a><\/p>\n","protected":false},"author":1,"featured_media":0,"parent":0,"menu_order":0,"comment_status":"closed","ping_status":"closed","template":"","meta":[],"_links":{"self":[{"href":"https:\/\/www.agrilink2020.eu\/es\/wp-json\/wp\/v2\/pages\/4798"}],"collection":[{"href":"https:\/\/www.agrilink2020.eu\/es\/wp-json\/wp\/v2\/pages"}],"about":[{"href":"https:\/\/www.agrilink2020.eu\/es\/wp-json\/wp\/v2\/types\/page"}],"author":[{"embeddable":true,"href":"https:\/\/www.agrilink2020.eu\/es\/wp-json\/wp\/v2\/users\/1"}],"replies":[{"embeddable":true,"href":"https:\/\/www.agrilink2020.eu\/es\/wp-json\/wp\/v2\/comments?post=4798"}],"version-history":[{"count":3,"href":"https:\/\/www.agrilink2020.eu\/es\/wp-json\/wp\/v2\/pages\/4798\/revisions"}],"predecessor-version":[{"id":4801,"href":"https:\/\/www.agrilink2020.eu\/es\/wp-json\/wp\/v2\/pages\/4798\/revisions\/4801"}],"wp:attachment":[{"href":"https:\/\/www.agrilink2020.eu\/es\/wp-json\/wp\/v2\/media?parent=4798"}],"curies":[{"name":"wp","href":"https:\/\/api.w.org\/{rel}","templated":true}]}}