{"id":5395,"date":"2021-06-29T12:53:31","date_gmt":"2021-06-29T12:53:31","guid":{"rendered":"https:\/\/legacy.agrilink2020.eu\/glosario"},"modified":"2022-04-04T13:28:11","modified_gmt":"2022-04-04T13:28:11","slug":"glosario","status":"publish","type":"page","link":"https:\/\/www.agrilink2020.eu\/es\/glosario","title":{"rendered":"Glosario"},"content":{"rendered":"\n<h1><\/h1>\n\n<h2 id=\"glossary\"><a>Glosario<\/a><\/h2>\n\n<p><strong>A<\/strong><\/p>\n\n<p><strong>Sistema de Innovaci\u00f3n y Conocimiento Agr\u00edcola (AKIS)<\/strong> &#8211; la colecci\u00f3n de todas las personas y organizaciones (junto con los procesos y regulaciones asociados) que generan, comparten y utilizan el conocimiento y la innovaci\u00f3n para la agricultura, la silvicultura y el desarrollo rural. <\/p>\n\n<p><strong>B<\/strong><\/p>\n\n<p><strong>Back-Office\/ Front-Office<\/strong> : en los servicios de asesoramiento agr\u00edcola, el &#8216;front-office&#8217; es donde se desarrollan e implementan las relaciones profesionales entre los agricultores y los asesores. La \u00aboficina administrativa\u00bb es donde se acumulan y actualizan las pruebas y los conocimientos (p. ej., formaci\u00f3n y creaci\u00f3n de redes de asesores, investigaci\u00f3n y desarrollo).<\/p>\n\n<p><strong>F<\/strong><\/p>\n\n<p><strong>Servicios de asesoramiento agr\u00edcola:<\/strong> el conjunto de organizaciones que permiten a los agricultores desarrollar soluciones a nivel de explotaci\u00f3n, mejorar sus habilidades y crear conjuntamente nuevos conocimientos con asesores. Estas organizaciones a menudo combinan actividades de front-office y back-office e incluyen proveedores de asesoramiento tradicionales (c\u00e1maras de agricultura, organismos p\u00fablicos, etc.), organizaciones de agricultores (sindicatos, asociaciones, cooperativas, etc.), consultores independientes, ONG, proveedores comerciales. de productos y servicios t\u00e9cnicos, etc.<\/p>\n\n<p><strong>Agricultor:<\/strong> un productor de productos agr\u00edcolas. El t\u00e9rmino incluye toda la gama de tama\u00f1os y tipos de fincas, as\u00ed como miembros de una familia de agricultores, administradores de fincas y empleados de fincas <strong>.<\/strong><\/p>\n\n<p><strong>GRAMO<\/strong><\/p>\n\n<p><strong>Gobernanza:<\/strong> los mercados, pol\u00edticas, regulaciones, redes y normas sociales que producen y hacen cumplir las reglas para las actividades en cualquier contexto espec\u00edfico.<\/p>\n\n<p><strong>H<\/strong><\/p>\n\n<p><strong><a href=\"https:\/\/ec.europa.eu\/programmes\/horizon2020\/en\/what-horizon-2020\">Horizonte 2020<\/a> (H2020) \u2013<\/strong> el programa de investigaci\u00f3n e innovaci\u00f3n de la Uni\u00f3n Europea para el per\u00edodo 2014-2020.<\/p>\n\n<p><strong>I<\/strong><\/p>\n\n<p><strong>Innovaci\u00f3n:<\/strong> la implementaci\u00f3n de un producto (bien o servicio) o proceso nuevo o significativamente mejorado. Las actividades de innovaci\u00f3n son todas las actividades cient\u00edficas, tecnol\u00f3gicas, organizativas, financieras y comerciales que contribuyen a la creaci\u00f3n, adopci\u00f3n y uso de innovaciones.<\/p>\n\n<p><strong>\u00c1reas de innovaci\u00f3n:<\/strong> los ocho tipos espec\u00edficos de innovaci\u00f3n seleccionados para el estudio en el proyecto AgriLink.<\/p>\n\n<p><strong>k<\/strong><\/p>\n\n<p><strong>Servicios empresariales intensivos en conocimiento (KIBS):<\/strong> empresas cuyas entradas y salidas principales son diversas formas de conocimiento.<\/p>\n\n<p><strong>Conocimiento:<\/strong> hechos, informaci\u00f3n, comprensi\u00f3n y habilidades adquiridas a trav\u00e9s de la experiencia, la educaci\u00f3n o la investigaci\u00f3n.<\/p>\n\n<p><strong>L<\/strong><\/p>\n\n<p><strong>Aprendizaje:<\/strong> la adquisici\u00f3n de conocimientos o habilidades a trav\u00e9s del estudio, la experiencia o la ense\u00f1anza.<\/p>\n\n<p><strong>Living Laboratory (Lab):<\/strong> una asociaci\u00f3n en la que las empresas, las autoridades, los ciudadanos y otras partes interesadas relevantes trabajan juntos para crear, validar y probar nuevos servicios, ideas comerciales, mercados y tecnolog\u00edas en contextos de la vida real.<\/p>\n\n<p><strong>METRO<\/strong><\/p>\n\n<p><strong>Sistema de Informaci\u00f3n y Conocimiento Agr\u00edcola de Micro Nivel (micro-AKIS) &#8211;<\/strong> el sistema de conocimiento personal que los agricultores construyen \/ ensamblan por s\u00ed mismos, incluyendo la gama de individuos, organizaciones y redes de los cuales buscan servicios e intercambian conocimientos.<\/p>\n\n<p><strong>S<\/strong><\/p>\n\n<p><strong><a href=\"https:\/\/ec.europa.eu\/research\/scar\/index.cfm\">SCAR<\/a><\/strong> (Comit\u00e9 Permanente de Investigaci\u00f3n Agr\u00edcola de la Comisi\u00f3n Europea): el comit\u00e9 de expertos que asesora a la Comisi\u00f3n Europea ya los Estados miembros de la UE sobre la planificaci\u00f3n estrat\u00e9gica y la coordinaci\u00f3n de la investigaci\u00f3n agr\u00edcola y el desarrollo de capacidades de investigaci\u00f3n.<\/p>\n\n<p><strong><a href=\"https:\/\/www.wur.nl\/nl\/project\/SCARAKIS-strategic-working-group-3.htm\">Grupo de Trabajo Estrat\u00e9gico SCAR AKIS (Grupo<\/a> de Trabajo Estrat\u00e9gico SCAR AKIS):<\/strong> un subgrupo del Comit\u00e9 Permanente de Investigaci\u00f3n Agr\u00edcola de la Comisi\u00f3n Europea que asesora espec\u00edficamente sobre cuestiones relacionadas con el conocimiento y la innovaci\u00f3n agr\u00edcolas, incluido el futuro de los servicios de asesoramiento agr\u00edcola.<\/p>\n\n<p><strong>Agricultura sostenible<\/strong> : pr\u00e1cticas que son econ\u00f3micamente viables, beneficiosas para el medio ambiente y brindan beneficios m\u00e1s amplios a la sociedad, sin limitar el potencial de las generaciones futuras para satisfacer sus propias necesidades de producci\u00f3n de alimentos.<\/p>\n\n<p><strong>T<\/strong><\/p>\n\n<p><strong><a href=\"https:\/\/www.google.co.uk\/search?hl=en&amp;q=Evaluation+criteria+for+H2020+transdisciplinarity&amp;meta=&amp;rlz=&amp;gws_rd=ssl\">Transdisciplinario<\/a><\/strong> : un enfoque cient\u00edfico y una metodolog\u00eda que integra seg\u00fan sea necesario i) teor\u00edas, conceptos, conocimientos, datos y t\u00e9cnicas de dos o m\u00e1s disciplinas cient\u00edficas junto con ii) conocimiento no acad\u00e9mico y no formalizado.<\/p>\n\n<hr class=\"wp-block-separator\"\/>\n","protected":false},"excerpt":{"rendered":"<p>Glosario A Sistema de Innovaci\u00f3n y Conocimiento Agr\u00edcola (AKIS) &#8211; la colecci\u00f3n de todas las personas y organizaciones (junto con los procesos y regulaciones asociados) que generan, comparten y utilizan el conocimiento y la innovaci\u00f3n para la agricultura, la silvicultura y el desarrollo rural. B Back-Office\/ Front-Office : en los servicios de asesoramiento agr\u00edcola, el &hellip; <a href=\"https:\/\/www.agrilink2020.eu\/es\/glosario\">Continued<\/a><\/p>\n","protected":false},"author":1,"featured_media":0,"parent":0,"menu_order":0,"comment_status":"closed","ping_status":"closed","template":"views\/template-glossary.blade.php","meta":[],"_links":{"self":[{"href":"https:\/\/www.agrilink2020.eu\/es\/wp-json\/wp\/v2\/pages\/5395"}],"collection":[{"href":"https:\/\/www.agrilink2020.eu\/es\/wp-json\/wp\/v2\/pages"}],"about":[{"href":"https:\/\/www.agrilink2020.eu\/es\/wp-json\/wp\/v2\/types\/page"}],"author":[{"embeddable":true,"href":"https:\/\/www.agrilink2020.eu\/es\/wp-json\/wp\/v2\/users\/1"}],"replies":[{"embeddable":true,"href":"https:\/\/www.agrilink2020.eu\/es\/wp-json\/wp\/v2\/comments?post=5395"}],"version-history":[{"count":1,"href":"https:\/\/www.agrilink2020.eu\/es\/wp-json\/wp\/v2\/pages\/5395\/revisions"}],"predecessor-version":[{"id":5396,"href":"https:\/\/www.agrilink2020.eu\/es\/wp-json\/wp\/v2\/pages\/5395\/revisions\/5396"}],"wp:attachment":[{"href":"https:\/\/www.agrilink2020.eu\/es\/wp-json\/wp\/v2\/media?parent=5395"}],"curies":[{"name":"wp","href":"https:\/\/api.w.org\/{rel}","templated":true}]}}