{"id":5485,"date":"2021-06-29T10:58:49","date_gmt":"2021-06-29T10:58:49","guid":{"rendered":"https:\/\/legacy.agrilink2020.eu\/work-packages\/paquete-de-trabajo-3-living-labs"},"modified":"2022-04-09T09:51:56","modified_gmt":"2022-04-09T09:51:56","slug":"paquete-de-trabajo-3-living-labs","status":"publish","type":"page","link":"https:\/\/www.agrilink2020.eu\/es\/work-packages\/paquete-de-trabajo-3-living-labs","title":{"rendered":"Paquete de trabajo 3 (Living Labs)"},"content":{"rendered":"\n<p>Los \u00ablaboratorios vivos\u00bb (Living Labs) son un enfoque cada vez m\u00e1s consolidado para fomentar la innovaci\u00f3n a trav\u00e9s de la colaboraci\u00f3n y la cocreaci\u00f3n. A diferencia de un laboratorio tradicional, un Living Lab funciona en un contexto real y se centra en abordar las necesidades reales de las personas que participan en \u00e9l. Los Living Labs son muy buenos para resolver retos complejos que son muy dif\u00edciles de resolver por una sola persona.  <\/p>\n\n\n\n<p>Este paquete de trabajo utiliz\u00f3 la metodolog\u00eda del Living Lab para desarrollar y probar herramientas y servicios de asesoramiento agr\u00edcola nuevos y mejorados en seis \u00e1mbitos diferentes en Noruega, Letonia, Ruman\u00eda, Espa\u00f1a, Italia y los Pa\u00edses Bajos \/ B\u00e9lgica. Los socios del proyecto recibieron formaci\u00f3n para acoger, facilitar y supervisar el Living Lab en estos pa\u00edses.  Cada uno de los 6 Living Labs se ajustaba a las caracter\u00edsticas y din\u00e1micas espec\u00edficas de su contexto local y nacional. Para saber m\u00e1s, pinche aqu\u00ed. <\/p>\n\n\n\n<hr class=\"wp-block-separator\"\/>\n\n\n\n<p>M\u00e1s informaci\u00f3n <a href=\"https:\/\/www.agrilink2020.eu\/work-package\/wp3-living-labs-for-innovation-support-services\/\" target=\"_blank\" rel=\"noreferrer noopener\">aqu\u00ed.<\/a><\/p>\n\n\n\n<hr class=\"wp-block-separator\"\/>\n\n\n\n<p>Vea el v\u00eddeo explicativo en YouTube aqu\u00ed:<\/p>\n\n\n\n<figure class=\"wp-block-embed is-type-video is-provider-youtube wp-block-embed-youtube wp-embed-aspect-16-9 wp-has-aspect-ratio\"><div class=\"wp-block-embed__wrapper\">\n<iframe loading=\"lazy\" title=\"AgriLink Living Lab presentation - Work Package 3\" width=\"500\" height=\"281\" src=\"https:\/\/www.youtube.com\/embed\/JqC9ErkFbyI?start=6&#038;feature=oembed\" frameborder=\"0\" allow=\"accelerometer; autoplay; clipboard-write; encrypted-media; gyroscope; picture-in-picture\" allowfullscreen><\/iframe>\n<\/div><\/figure>\n","protected":false},"excerpt":{"rendered":"<p>Los \u00ablaboratorios vivos\u00bb (Living Labs) son un enfoque cada vez m\u00e1s consolidado para fomentar la innovaci\u00f3n a trav\u00e9s de la colaboraci\u00f3n y la cocreaci\u00f3n. A diferencia de un laboratorio tradicional, un Living Lab funciona en un contexto real y se centra en abordar las necesidades reales de las personas que participan en \u00e9l. Los Living &hellip; <a href=\"https:\/\/www.agrilink2020.eu\/es\/work-packages\/paquete-de-trabajo-3-living-labs\">Continued<\/a><\/p>\n","protected":false},"author":1,"featured_media":0,"parent":4864,"menu_order":0,"comment_status":"closed","ping_status":"closed","template":"views\/template-child.blade.php","meta":[],"_links":{"self":[{"href":"https:\/\/www.agrilink2020.eu\/es\/wp-json\/wp\/v2\/pages\/5485"}],"collection":[{"href":"https:\/\/www.agrilink2020.eu\/es\/wp-json\/wp\/v2\/pages"}],"about":[{"href":"https:\/\/www.agrilink2020.eu\/es\/wp-json\/wp\/v2\/types\/page"}],"author":[{"embeddable":true,"href":"https:\/\/www.agrilink2020.eu\/es\/wp-json\/wp\/v2\/users\/1"}],"replies":[{"embeddable":true,"href":"https:\/\/www.agrilink2020.eu\/es\/wp-json\/wp\/v2\/comments?post=5485"}],"version-history":[{"count":5,"href":"https:\/\/www.agrilink2020.eu\/es\/wp-json\/wp\/v2\/pages\/5485\/revisions"}],"predecessor-version":[{"id":5510,"href":"https:\/\/www.agrilink2020.eu\/es\/wp-json\/wp\/v2\/pages\/5485\/revisions\/5510"}],"up":[{"embeddable":true,"href":"https:\/\/www.agrilink2020.eu\/es\/wp-json\/wp\/v2\/pages\/4864"}],"wp:attachment":[{"href":"https:\/\/www.agrilink2020.eu\/es\/wp-json\/wp\/v2\/media?parent=5485"}],"curies":[{"name":"wp","href":"https:\/\/api.w.org\/{rel}","templated":true}]}}