{"id":5497,"date":"2021-06-29T10:59:22","date_gmt":"2021-06-29T10:59:22","guid":{"rendered":"https:\/\/legacy.agrilink2020.eu\/work-packages\/paquete-de-trabajo-4-eu-fas-y-la-gobernanza-del-asesoramiento-nacional"},"modified":"2022-04-09T09:52:56","modified_gmt":"2022-04-09T09:52:56","slug":"paquete-de-trabajo-4-eu-fas-y-la-gobernanza-del-asesoramiento-nacional","status":"publish","type":"page","link":"https:\/\/www.agrilink2020.eu\/es\/work-packages\/paquete-de-trabajo-4-eu-fas-y-la-gobernanza-del-asesoramiento-nacional","title":{"rendered":"Paquete de trabajo 4 (EU-FAS y la gobernanza del asesoramiento nacional)"},"content":{"rendered":"\n<p>Uno de los objetivos espec\u00edficos del proyecto AgriLink era examinar de cerca c\u00f3mo se gobiernan los sistemas de asesoramiento agr\u00edcola a nivel nacional\/regional. El equipo del proyecto estaba especialmente interesado en comprender si los diferentes enfoques que se observan en los distintos pa\u00edses repercuten en la eficacia de los sistemas de asesoramiento nacionales\/regionales y en el acceso que tienen los agricultores a la informaci\u00f3n y los servicios. <\/p>\n\n\n\n<p>El trabajo realizado incluy\u00f3 un examen detallado de la aplicaci\u00f3n del reglamento de la UE sobre los reg\u00edmenes de asesoramiento a las explotaciones agr\u00edcolas en 13 pa\u00edses y un an\u00e1lisis en profundidad de la gobernanza de los sistemas de asesoramiento a las explotaciones en 7 pa\u00edses.<\/p>\n\n\n\n<hr class=\"wp-block-separator\"\/>\n\n\n\n<p>M\u00e1s informaci\u00f3n<a href=\"https:\/\/www.agrilink2020.eu\/wp-content\/uploads\/2020\/09\/D4.1-AgriLink-EUFAS-assesment_without_annexes.pdf\" target=\"_blank\" rel=\"noreferrer noopener\">aqu\u00ed.<\/a><\/p>\n\n\n\n<hr class=\"wp-block-separator\"\/>\n\n\n\n<figure class=\"wp-block-table\"><table><tbody><tr><td><\/td><td>Vea el v\u00eddeo explicativo en YouTube aqu\u00ed:<\/td><\/tr><\/tbody><\/table><\/figure>\n\n\n\n<figure class=\"wp-block-embed is-type-video is-provider-youtube wp-block-embed-youtube wp-embed-aspect-16-9 wp-has-aspect-ratio\"><div class=\"wp-block-embed__wrapper\">\n  <iframe loading=\"lazy\" title=\"AgriLink: Understanding farm advisory regimes  (Work package 4)\" width=\"500\" height=\"281\" src=\"https:\/\/www.youtube.com\/embed\/DqrUWvNAnNY?start=25&#038;feature=oembed\" frameborder=\"0\" allow=\"accelerometer; autoplay; clipboard-write; encrypted-media; gyroscope; picture-in-picture\" allowfullscreen><\/iframe>\n<\/div><\/figure>\n","protected":false},"excerpt":{"rendered":"<p>Uno de los objetivos espec\u00edficos del proyecto AgriLink era examinar de cerca c\u00f3mo se gobiernan los sistemas de asesoramiento agr\u00edcola a nivel nacional\/regional. El equipo del proyecto estaba especialmente interesado en comprender si los diferentes enfoques que se observan en los distintos pa\u00edses repercuten en la eficacia de los sistemas de asesoramiento nacionales\/regionales y en &hellip; <a href=\"https:\/\/www.agrilink2020.eu\/es\/work-packages\/paquete-de-trabajo-4-eu-fas-y-la-gobernanza-del-asesoramiento-nacional\">Continued<\/a><\/p>\n","protected":false},"author":1,"featured_media":0,"parent":4864,"menu_order":0,"comment_status":"closed","ping_status":"closed","template":"views\/template-child.blade.php","meta":[],"_links":{"self":[{"href":"https:\/\/www.agrilink2020.eu\/es\/wp-json\/wp\/v2\/pages\/5497"}],"collection":[{"href":"https:\/\/www.agrilink2020.eu\/es\/wp-json\/wp\/v2\/pages"}],"about":[{"href":"https:\/\/www.agrilink2020.eu\/es\/wp-json\/wp\/v2\/types\/page"}],"author":[{"embeddable":true,"href":"https:\/\/www.agrilink2020.eu\/es\/wp-json\/wp\/v2\/users\/1"}],"replies":[{"embeddable":true,"href":"https:\/\/www.agrilink2020.eu\/es\/wp-json\/wp\/v2\/comments?post=5497"}],"version-history":[{"count":3,"href":"https:\/\/www.agrilink2020.eu\/es\/wp-json\/wp\/v2\/pages\/5497\/revisions"}],"predecessor-version":[{"id":5512,"href":"https:\/\/www.agrilink2020.eu\/es\/wp-json\/wp\/v2\/pages\/5497\/revisions\/5512"}],"up":[{"embeddable":true,"href":"https:\/\/www.agrilink2020.eu\/es\/wp-json\/wp\/v2\/pages\/4864"}],"wp:attachment":[{"href":"https:\/\/www.agrilink2020.eu\/es\/wp-json\/wp\/v2\/media?parent=5497"}],"curies":[{"name":"wp","href":"https:\/\/api.w.org\/{rel}","templated":true}]}}