{"id":5499,"date":"2021-06-29T10:59:49","date_gmt":"2021-06-29T10:59:49","guid":{"rendered":"https:\/\/legacy.agrilink2020.eu\/work-packages\/paquete-de-trabajo-5-analisis-y-las-recomendaciones"},"modified":"2022-04-09T09:55:49","modified_gmt":"2022-04-09T09:55:49","slug":"paquete-de-trabajo-5-analisis-y-las-recomendaciones","status":"publish","type":"page","link":"https:\/\/www.agrilink2020.eu\/es\/work-packages\/paquete-de-trabajo-5-analisis-y-las-recomendaciones","title":{"rendered":"Paquete de trabajo 5 (An\u00e1lisis y las recomendaciones)"},"content":{"rendered":"\n<p>El proyecto AgriLink gener\u00f3 una gran cantidad de resultados de investigaci\u00f3n (incluyendo datos cuantitativos y cualitativos), especialmente de los Paquetes de Trabajo 2, 3 y 4. La tarea de este paquete de trabajo era integrar y analizar todos estos resultados de investigaci\u00f3n para identificar las principales lecciones aprendidas durante el proyecto y, a continuaci\u00f3n, formular recomendaciones pol\u00edticas basadas en estas lecciones aprendidas.  <\/p>\n\n\n\n<p>Para este trabajo se desarroll\u00f3 una metodolog\u00eda espec\u00edfica que inclu\u00eda tanto trabajo de gabinete como una serie de talleres interactivos con agricultores y asesores en todos los pa\u00edses asociados.<\/p>\n\n\n\n<p>Las recomendaciones finales se enmarcaron en el contexto de los preparativos para la Pol\u00edtica Agr\u00edcola Com\u00fan (PAC) 2023-2027 y la necesidad de que los servicios de asesoramiento a las explotaciones desempe\u00f1en un papel mucho m\u00e1s importante en el apoyo a la transici\u00f3n hacia una agricultura m\u00e1s sostenible e inteligente desde el punto de vista clim\u00e1tico. Los resultados finales de este paquete de trabajo fueron los siguientes:<\/p>\n\n\n\n<ul><li>Buenos ejemplos y mejores pr\u00e1cticas de sistemas de asesoramiento a las explotaciones agr\u00edcolas bien conectados y eficaces<\/li><li>Recomendaciones para mejorar el rendimiento y la eficacia de los servicios de asesoramiento<\/li><li>Sugerencias para mejorar los modelos de gobernanza y los mecanismos de pol\u00edtica p\u00fablica relacionados<\/li><\/ul>\n\n\n\n<hr class=\"wp-block-separator\"\/>\n\n\n\n<p>M\u00e1s informaci\u00f3n <a href=\"https:\/\/www.agrilink2020.eu\/wp-content\/uploads\/2022\/01\/AgriLink.Policy.recommendations.report_Deliverable_26.pdf\" target=\"_blank\" rel=\"noreferrer noopener\">aqu\u00ed.<\/a><\/p>\n\n\n\n<hr class=\"wp-block-separator\"\/>\n","protected":false},"excerpt":{"rendered":"<p>El proyecto AgriLink gener\u00f3 una gran cantidad de resultados de investigaci\u00f3n (incluyendo datos cuantitativos y cualitativos), especialmente de los Paquetes de Trabajo 2, 3 y 4. La tarea de este paquete de trabajo era integrar y analizar todos estos resultados de investigaci\u00f3n para identificar las principales lecciones aprendidas durante el proyecto y, a continuaci\u00f3n, formular &hellip; <a href=\"https:\/\/www.agrilink2020.eu\/es\/work-packages\/paquete-de-trabajo-5-analisis-y-las-recomendaciones\">Continued<\/a><\/p>\n","protected":false},"author":1,"featured_media":0,"parent":4864,"menu_order":0,"comment_status":"closed","ping_status":"closed","template":"views\/template-child.blade.php","meta":[],"_links":{"self":[{"href":"https:\/\/www.agrilink2020.eu\/es\/wp-json\/wp\/v2\/pages\/5499"}],"collection":[{"href":"https:\/\/www.agrilink2020.eu\/es\/wp-json\/wp\/v2\/pages"}],"about":[{"href":"https:\/\/www.agrilink2020.eu\/es\/wp-json\/wp\/v2\/types\/page"}],"author":[{"embeddable":true,"href":"https:\/\/www.agrilink2020.eu\/es\/wp-json\/wp\/v2\/users\/1"}],"replies":[{"embeddable":true,"href":"https:\/\/www.agrilink2020.eu\/es\/wp-json\/wp\/v2\/comments?post=5499"}],"version-history":[{"count":4,"href":"https:\/\/www.agrilink2020.eu\/es\/wp-json\/wp\/v2\/pages\/5499\/revisions"}],"predecessor-version":[{"id":5517,"href":"https:\/\/www.agrilink2020.eu\/es\/wp-json\/wp\/v2\/pages\/5499\/revisions\/5517"}],"up":[{"embeddable":true,"href":"https:\/\/www.agrilink2020.eu\/es\/wp-json\/wp\/v2\/pages\/4864"}],"wp:attachment":[{"href":"https:\/\/www.agrilink2020.eu\/es\/wp-json\/wp\/v2\/media?parent=5499"}],"curies":[{"name":"wp","href":"https:\/\/api.w.org\/{rel}","templated":true}]}}