{"id":5096,"date":"2021-06-29T12:53:31","date_gmt":"2021-06-29T12:53:31","guid":{"rendered":"https:\/\/legacy.agrilink2020.eu\/glossaire"},"modified":"2022-04-04T12:57:52","modified_gmt":"2022-04-04T12:57:52","slug":"glossaire","status":"publish","type":"page","link":"https:\/\/www.agrilink2020.eu\/fr\/glossaire","title":{"rendered":"Glossaire"},"content":{"rendered":"\n<h1><\/h1>\n\n<h2 id=\"glossary\"><a>Glossaire<\/a><\/h2>\n\n<p><strong>UNE<\/strong><\/p>\n\n<p><strong>Syst\u00e8me de connaissances et d&rsquo;innovation agricoles (AKIS)<\/strong> &#8211; l&rsquo;ensemble de toutes les personnes et organisations (ainsi que les processus et r\u00e9glementations associ\u00e9s) qui g\u00e9n\u00e8rent, partagent et utilisent les connaissances et l&rsquo;innovation pour l&rsquo;agriculture, la foresterie et le d\u00e9veloppement rural. <\/p>\n\n<p><strong>B<\/strong><\/p>\n\n<p><strong>Back-Office\/ Front-Office<\/strong> \u2013 dans les services de conseil agricole, le \u00ab front-office \u00bb est l&rsquo;endroit o\u00f9 les relations professionnelles entre les agriculteurs et les conseillers sont d\u00e9velopp\u00e9es et mises en \u0153uvre. Le \u00ab back-office \u00bb est l&rsquo;endroit o\u00f9 les preuves et les connaissances sont accumul\u00e9es et mises \u00e0 jour (par exemple, formation et mise en r\u00e9seau des conseillers, recherche et d\u00e9veloppement).<\/p>\n\n<p><strong>F<\/strong><\/p>\n\n<p><strong>Services de conseil agricole &#8211;<\/strong> ensemble d&rsquo;organisations qui permettent aux agriculteurs de d\u00e9velopper des solutions au niveau de l&rsquo;exploitation, d&rsquo;am\u00e9liorer leurs comp\u00e9tences et de co-cr\u00e9er de nouvelles connaissances avec des conseillers. Ces organisations combinent souvent des activit\u00e9s de front et de back-office et regroupent des prestataires de conseil traditionnels (chambres d&rsquo;agriculture, organismes publics, etc.), des organisations paysannes (syndicats, associations, coop\u00e9ratives, etc.), des consultants ind\u00e9pendants, des ONG, des prestataires commerciaux de produits et services techniques, etc.<\/p>\n\n<p><strong>Agriculteur &#8211;<\/strong> un producteur de produits agricoles. Le terme comprend toute la gamme des tailles et des types d&rsquo;exploitations agricoles, ainsi que les membres d&rsquo;une famille d&rsquo;agriculteurs, les g\u00e9rants d&rsquo;exploitation et les employ\u00e9s de l&rsquo;exploitation <strong>.<\/strong><\/p>\n\n<p><strong>g<\/strong><\/p>\n\n<p><strong>Gouvernance \u2013<\/strong> les march\u00e9s, les politiques, les r\u00e9glementations, les r\u00e9seaux et les normes sociales qui produisent et appliquent les r\u00e8gles pour les activit\u00e9s dans n&rsquo;importe quel contexte sp\u00e9cifi\u00e9.<\/p>\n\n<p><strong>H<\/strong><\/p>\n\n<p><strong><a href=\"https:\/\/ec.europa.eu\/programmes\/horizon2020\/en\/what-horizon-2020\">Horizon 2020<\/a> (H2020) &#8211;<\/strong> le programme de recherche et le programme d&rsquo;innovation de l&rsquo;Union europ\u00e9enne pour la p\u00e9riode 2014-2020.<\/p>\n\n<p><strong>je<\/strong><\/p>\n\n<p><strong>Innovation &#8211;<\/strong> la mise en \u0153uvre d&rsquo;un produit (bien ou service) ou d&rsquo;un processus nouveau ou sensiblement am\u00e9lior\u00e9. Les activit\u00e9s d&rsquo;innovation sont toutes les activit\u00e9s scientifiques, technologiques, organisationnelles, financi\u00e8res et commerciales qui contribuent \u00e0 la cr\u00e9ation, \u00e0 l&rsquo;adoption et \u00e0 l&rsquo;utilisation des innovations.<\/p>\n\n<p><strong>Domaines d&rsquo;innovation \u2013<\/strong> les huit types sp\u00e9cifiques d&rsquo;innovation s\u00e9lectionn\u00e9s pour \u00eatre \u00e9tudi\u00e9s dans le cadre du projet AgriLink.<\/p>\n\n<p><strong>K<\/strong><\/p>\n\n<p><strong>Services aux entreprises \u00e0 forte intensit\u00e9 de connaissances (KIBS) &#8211;<\/strong> entreprises dont les principaux intrants et extrants sont diverses formes de connaissances.<\/p>\n\n<p><strong>Connaissances &#8211;<\/strong> faits, informations, compr\u00e9hension et comp\u00e9tences acquises par l&rsquo;exp\u00e9rience, l&rsquo;\u00e9ducation ou la recherche.<\/p>\n\n<p><strong>L<\/strong><\/p>\n\n<p><strong>Apprentissage &#8211;<\/strong> l&rsquo;acquisition de connaissances ou de comp\u00e9tences par l&rsquo;\u00e9tude, l&rsquo;exp\u00e9rience ou l&rsquo;enseignement.<\/p>\n\n<p><strong>Living Laboratory (Lab) &#8211;<\/strong> un partenariat dans lequel les entreprises, les autorit\u00e9s, les citoyens et d&rsquo;autres parties prenantes concern\u00e9es travaillent ensemble pour cr\u00e9er, valider et tester de nouveaux services, id\u00e9es commerciales, march\u00e9s et technologies dans des contextes r\u00e9els.<\/p>\n\n<p><strong>M<\/strong><\/p>\n\n<p><strong>Syst\u00e8me de connaissances et d&rsquo;informations agricoles au niveau micro (micro-AKIS) &#8211;<\/strong> le syst\u00e8me de connaissances personnelles que les agriculteurs construisent \/ assemblent pour eux-m\u00eames, y compris l&rsquo;\u00e9ventail d&rsquo;individus, d&rsquo;organisations et de r\u00e9seaux aupr\u00e8s desquels ils recherchent des services et avec lesquels ils \u00e9changent des connaissances.<\/p>\n\n<p><strong>S<\/strong><\/p>\n\n<p><strong><a href=\"https:\/\/ec.europa.eu\/research\/scar\/index.cfm\">SCAR<\/a><\/strong> (Comit\u00e9 permanent de la recherche agricole de la Commission europ\u00e9enne) &#8211; le comit\u00e9 d&rsquo;experts qui conseille la Commission europ\u00e9enne et les \u00c9tats membres de l&rsquo;UE sur la planification strat\u00e9gique et la coordination de la recherche agricole et le d\u00e9veloppement des capacit\u00e9s de recherche.<\/p>\n\n<p><strong><a href=\"https:\/\/www.wur.nl\/nl\/project\/SCARAKIS-strategic-working-group-3.htm\">Groupe de travail strat\u00e9gique SCAR AKIS (Groupe<\/a> de travail strat\u00e9gique SCAR AKIS) &#8211;<\/strong> un sous-groupe du Comit\u00e9 permanent de la recherche agricole de la Commission europ\u00e9enne qui conseille sp\u00e9cifiquement sur les questions relatives aux connaissances et \u00e0 l&rsquo;innovation agricoles, y compris l&rsquo;avenir des services de conseil agricole.<\/p>\n\n<p><strong>Agriculture durable<\/strong> &#8211; pratiques qui sont \u00e9conomiquement viables, b\u00e9n\u00e9fiques pour l&rsquo;environnement et offrent des avantages plus larges \u00e0 la soci\u00e9t\u00e9, sans limiter le potentiel des g\u00e9n\u00e9rations futures \u00e0 r\u00e9pondre \u00e0 leurs propres besoins de production alimentaire.<\/p>\n\n<p><strong>J<\/strong><\/p>\n\n<p><strong><a href=\"https:\/\/www.google.co.uk\/search?hl=en&amp;q=Evaluation+criteria+for+H2020+transdisciplinarity&amp;meta=&amp;rlz=&amp;gws_rd=ssl\">Transdisciplinaire<\/a><\/strong> &#8211; une approche scientifique et une m\u00e9thodologie qui s&rsquo;int\u00e8gre si n\u00e9cessaire i) th\u00e9ories, concepts, connaissances, donn\u00e9es et techniques de deux ou plusieurs disciplines scientifiques ainsi que ii) les connaissances non acad\u00e9miques et non formalis\u00e9es.<\/p>\n\n<hr class=\"wp-block-separator\"\/>\n","protected":false},"excerpt":{"rendered":"<p>Glossaire UNE Syst\u00e8me de connaissances et d&rsquo;innovation agricoles (AKIS) &#8211; l&rsquo;ensemble de toutes les personnes et organisations (ainsi que les processus et r\u00e9glementations associ\u00e9s) qui g\u00e9n\u00e8rent, partagent et utilisent les connaissances et l&rsquo;innovation pour l&rsquo;agriculture, la foresterie et le d\u00e9veloppement rural. B Back-Office\/ Front-Office \u2013 dans les services de conseil agricole, le \u00ab front-office \u00bb &hellip; <a href=\"https:\/\/www.agrilink2020.eu\/fr\/glossaire\">Continued<\/a><\/p>\n","protected":false},"author":1,"featured_media":0,"parent":0,"menu_order":0,"comment_status":"closed","ping_status":"closed","template":"views\/template-glossary.blade.php","meta":[],"_links":{"self":[{"href":"https:\/\/www.agrilink2020.eu\/fr\/wp-json\/wp\/v2\/pages\/5096"}],"collection":[{"href":"https:\/\/www.agrilink2020.eu\/fr\/wp-json\/wp\/v2\/pages"}],"about":[{"href":"https:\/\/www.agrilink2020.eu\/fr\/wp-json\/wp\/v2\/types\/page"}],"author":[{"embeddable":true,"href":"https:\/\/www.agrilink2020.eu\/fr\/wp-json\/wp\/v2\/users\/1"}],"replies":[{"embeddable":true,"href":"https:\/\/www.agrilink2020.eu\/fr\/wp-json\/wp\/v2\/comments?post=5096"}],"version-history":[{"count":1,"href":"https:\/\/www.agrilink2020.eu\/fr\/wp-json\/wp\/v2\/pages\/5096\/revisions"}],"predecessor-version":[{"id":5097,"href":"https:\/\/www.agrilink2020.eu\/fr\/wp-json\/wp\/v2\/pages\/5096\/revisions\/5097"}],"wp:attachment":[{"href":"https:\/\/www.agrilink2020.eu\/fr\/wp-json\/wp\/v2\/media?parent=5096"}],"curies":[{"name":"wp","href":"https:\/\/api.w.org\/{rel}","templated":true}]}}