{"id":5444,"date":"2021-06-29T10:58:49","date_gmt":"2021-06-29T10:58:49","guid":{"rendered":"https:\/\/legacy.agrilink2020.eu\/lots-de-travaux\/work-package-3-laboratoires-vivants"},"modified":"2022-04-09T09:10:41","modified_gmt":"2022-04-09T09:10:41","slug":"work-package-3-laboratoires-vivants","status":"publish","type":"page","link":"https:\/\/www.agrilink2020.eu\/fr\/lots-de-travaux\/work-package-3-laboratoires-vivants","title":{"rendered":"Work Package 3 (Laboratoires vivants)"},"content":{"rendered":"\n<p>Les \u00ab\u00a0laboratoires vivants\u00a0\u00bb (Living Labs) constituent une approche de plus en plus reconnue pour favoriser l&rsquo;innovation par la collaboration et la cocr\u00e9ation. Contrairement \u00e0 un laboratoire traditionnel, un laboratoire vivant fonctionne dans un contexte r\u00e9el et s&rsquo;attache \u00e0 r\u00e9pondre aux besoins r\u00e9els des personnes qui y participent. Les laboratoires vivants sont tr\u00e8s utiles pour r\u00e9soudre des probl\u00e8mes complexes qui sont tr\u00e8s difficiles \u00e0 r\u00e9soudre par une seule personne. Traduit avec www.DeepL.com\/Translator (version gratuite)  <\/p>\n\n\n\n<p>Ce Work Package a utilis\u00e9 la m\u00e9thodologie du Living Lab pour d\u00e9velopper et tester des outils et des services de conseil agricole nouveaux et am\u00e9lior\u00e9s dans six situations contrast\u00e9es en Norv\u00e8ge, Lettonie, Roumanie, Espagne, Italie et Pays-Bas \/ Belgique. Les partenaires du projet ont \u00e9t\u00e9 form\u00e9s pour accueillir, faciliter et contr\u00f4ler le laboratoire vivant dans ces pays.  Chacun des six laboratoires vivants \u00e9tait unique en raison des caract\u00e9ristiques et de la dynamique propres \u00e0 son contexte local et national. <\/p>\n\n\n\n<hr class=\"wp-block-separator\"\/>\n\n\n\n<p>En savoir plus <a href=\"https:\/\/www.agrilink2020.eu\/work-package\/wp3-living-labs-for-innovation-support-services\/\" target=\"_blank\" rel=\"noreferrer noopener\">ici.<\/a><\/p>\n\n\n\n<hr class=\"wp-block-separator\"\/>\n\n\n\n<p>Regardez la vid\u00e9o explicative sur YouTube:<\/p>\n\n\n\n<figure class=\"wp-block-embed is-type-video is-provider-youtube wp-block-embed-youtube wp-embed-aspect-16-9 wp-has-aspect-ratio\"><div class=\"wp-block-embed__wrapper\">\n<iframe loading=\"lazy\" title=\"AgriLink Living Lab presentation - Work Package 3\" width=\"500\" height=\"281\" src=\"https:\/\/www.youtube.com\/embed\/JqC9ErkFbyI?start=6&#038;feature=oembed\" frameborder=\"0\" allow=\"accelerometer; autoplay; clipboard-write; encrypted-media; gyroscope; picture-in-picture\" allowfullscreen><\/iframe>\n<\/div><\/figure>\n","protected":false},"excerpt":{"rendered":"<p>Les \u00ab\u00a0laboratoires vivants\u00a0\u00bb (Living Labs) constituent une approche de plus en plus reconnue pour favoriser l&rsquo;innovation par la collaboration et la cocr\u00e9ation. Contrairement \u00e0 un laboratoire traditionnel, un laboratoire vivant fonctionne dans un contexte r\u00e9el et s&rsquo;attache \u00e0 r\u00e9pondre aux besoins r\u00e9els des personnes qui y participent. Les laboratoires vivants sont tr\u00e8s utiles pour r\u00e9soudre &hellip; <a href=\"https:\/\/www.agrilink2020.eu\/fr\/lots-de-travaux\/work-package-3-laboratoires-vivants\">Continued<\/a><\/p>\n","protected":false},"author":1,"featured_media":0,"parent":4858,"menu_order":0,"comment_status":"closed","ping_status":"closed","template":"views\/template-child.blade.php","meta":[],"_links":{"self":[{"href":"https:\/\/www.agrilink2020.eu\/fr\/wp-json\/wp\/v2\/pages\/5444"}],"collection":[{"href":"https:\/\/www.agrilink2020.eu\/fr\/wp-json\/wp\/v2\/pages"}],"about":[{"href":"https:\/\/www.agrilink2020.eu\/fr\/wp-json\/wp\/v2\/types\/page"}],"author":[{"embeddable":true,"href":"https:\/\/www.agrilink2020.eu\/fr\/wp-json\/wp\/v2\/users\/1"}],"replies":[{"embeddable":true,"href":"https:\/\/www.agrilink2020.eu\/fr\/wp-json\/wp\/v2\/comments?post=5444"}],"version-history":[{"count":5,"href":"https:\/\/www.agrilink2020.eu\/fr\/wp-json\/wp\/v2\/pages\/5444\/revisions"}],"predecessor-version":[{"id":5464,"href":"https:\/\/www.agrilink2020.eu\/fr\/wp-json\/wp\/v2\/pages\/5444\/revisions\/5464"}],"up":[{"embeddable":true,"href":"https:\/\/www.agrilink2020.eu\/fr\/wp-json\/wp\/v2\/pages\/4858"}],"wp:attachment":[{"href":"https:\/\/www.agrilink2020.eu\/fr\/wp-json\/wp\/v2\/media?parent=5444"}],"curies":[{"name":"wp","href":"https:\/\/api.w.org\/{rel}","templated":true}]}}