{"id":5452,"date":"2021-06-29T10:59:49","date_gmt":"2021-06-29T10:59:49","guid":{"rendered":"https:\/\/legacy.agrilink2020.eu\/lots-de-travaux\/work-package-5-analyse-et-recommandations"},"modified":"2022-04-09T09:18:42","modified_gmt":"2022-04-09T09:18:42","slug":"work-package-5-analyse-et-recommandations","status":"publish","type":"page","link":"https:\/\/www.agrilink2020.eu\/fr\/lots-de-travaux\/work-package-5-analyse-et-recommandations","title":{"rendered":"Work Package 5 (Analyse et recommandations)"},"content":{"rendered":"\n<p>Le projet AgriLink a g\u00e9n\u00e9r\u00e9 un grand nombre de r\u00e9sultats de recherche (y compris des donn\u00e9es quantitatives et qualitatives), en particulier dans les Work Packages 2, 3 et 4. La t\u00e2che de ce Work Package \u00e9tait d&rsquo;int\u00e9grer et d&rsquo;analyser tous ces r\u00e9sultats de recherche afin d&rsquo;identifier les principales le\u00e7ons apprises pendant le projet et ensuite de formuler des recommandations politiques bas\u00e9es sur ces le\u00e7ons apprises. Traduit avec www.DeepL.com\/Translator (version gratuite)  <\/p>\n\n\n\n<p>Une m\u00e9thodologie sp\u00e9cifique a \u00e9t\u00e9 \u00e9labor\u00e9e pour ce travail qui a impliqu\u00e9 \u00e0 la fois un travail sur dossier et une s\u00e9rie d&rsquo;ateliers interactifs avec des agriculteurs et des conseillers dans tous les pays partenaires.<\/p>\n\n\n\n<p>Les recommandations finales s&rsquo;inscrivent dans le contexte des pr\u00e9paratifs de la politique agricole commune (PAC) 2023-2027 et de la n\u00e9cessit\u00e9 pour les services de conseil agricole de jouer un r\u00f4le beaucoup plus important dans le soutien \u00e0 la transition vers une agriculture plus durable et plus intelligente sur le plan climatique. Les r\u00e9sultats finaux de cet ensemble de travaux sont les suivants:<\/p>\n\n\n\n<ul><li>Bons exemples et meilleures pratiques pour des syst\u00e8mes de conseil agricole bien connect\u00e9s et efficaces<\/li><li>Recommandations pour am\u00e9liorer la performance et l&rsquo;efficacit\u00e9 des services de conseil<\/li><li>Suggestions pour am\u00e9liorer les mod\u00e8les de gouvernance et les m\u00e9canismes de politique publique connexes<\/li><\/ul>\n\n\n\n<hr class=\"wp-block-separator\"\/>\n\n\n\n<p>En savoir plus <a href=\"https:\/\/www.agrilink2020.eu\/wp-content\/uploads\/2022\/01\/AgriLink.Policy.recommendations.report_Deliverable_26.pdf\" target=\"_blank\" rel=\"noreferrer noopener\">ici.<\/a><\/p>\n\n\n\n<hr class=\"wp-block-separator\"\/>\n","protected":false},"excerpt":{"rendered":"<p>Le projet AgriLink a g\u00e9n\u00e9r\u00e9 un grand nombre de r\u00e9sultats de recherche (y compris des donn\u00e9es quantitatives et qualitatives), en particulier dans les Work Packages 2, 3 et 4. La t\u00e2che de ce Work Package \u00e9tait d&rsquo;int\u00e9grer et d&rsquo;analyser tous ces r\u00e9sultats de recherche afin d&rsquo;identifier les principales le\u00e7ons apprises pendant le projet et ensuite &hellip; <a href=\"https:\/\/www.agrilink2020.eu\/fr\/lots-de-travaux\/work-package-5-analyse-et-recommandations\">Continued<\/a><\/p>\n","protected":false},"author":1,"featured_media":0,"parent":4858,"menu_order":0,"comment_status":"closed","ping_status":"closed","template":"views\/template-child.blade.php","meta":[],"_links":{"self":[{"href":"https:\/\/www.agrilink2020.eu\/fr\/wp-json\/wp\/v2\/pages\/5452"}],"collection":[{"href":"https:\/\/www.agrilink2020.eu\/fr\/wp-json\/wp\/v2\/pages"}],"about":[{"href":"https:\/\/www.agrilink2020.eu\/fr\/wp-json\/wp\/v2\/types\/page"}],"author":[{"embeddable":true,"href":"https:\/\/www.agrilink2020.eu\/fr\/wp-json\/wp\/v2\/users\/1"}],"replies":[{"embeddable":true,"href":"https:\/\/www.agrilink2020.eu\/fr\/wp-json\/wp\/v2\/comments?post=5452"}],"version-history":[{"count":6,"href":"https:\/\/www.agrilink2020.eu\/fr\/wp-json\/wp\/v2\/pages\/5452\/revisions"}],"predecessor-version":[{"id":5473,"href":"https:\/\/www.agrilink2020.eu\/fr\/wp-json\/wp\/v2\/pages\/5452\/revisions\/5473"}],"up":[{"embeddable":true,"href":"https:\/\/www.agrilink2020.eu\/fr\/wp-json\/wp\/v2\/pages\/4858"}],"wp:attachment":[{"href":"https:\/\/www.agrilink2020.eu\/fr\/wp-json\/wp\/v2\/media?parent=5452"}],"curies":[{"name":"wp","href":"https:\/\/api.w.org\/{rel}","templated":true}]}}