{"id":5454,"date":"2021-06-29T11:00:37","date_gmt":"2021-06-29T11:00:37","guid":{"rendered":"https:\/\/legacy.agrilink2020.eu\/lots-de-travaux\/work-package-6-communication"},"modified":"2022-04-09T09:18:26","modified_gmt":"2022-04-09T09:18:26","slug":"work-package-6-communication","status":"publish","type":"page","link":"https:\/\/www.agrilink2020.eu\/fr\/lots-de-travaux\/work-package-6-communication","title":{"rendered":"Work Package 6 (Communication)"},"content":{"rendered":"\n<p>Il s&rsquo;agissait d&rsquo;un important Work Package qui a soutenu les grandes ambitions scientifiques et pratiques du projet avec une s\u00e9rie d&rsquo;activit\u00e9s qui ont engag\u00e9 les acteurs concern\u00e9s dans des activit\u00e9s sp\u00e9cifiques du projet et ont activement promu la diffusion et l&rsquo;exploitation \u00e0 grande \u00e9chelle des r\u00e9sultats du projet. L&rsquo;activit\u00e9 finale de ce Work Package a \u00e9t\u00e9 le d\u00e9veloppement de ce site web qui restera en ligne pendant 10 ans \u00e0 partir de la fin de l&rsquo;ann\u00e9e 2021. <\/p>\n","protected":false},"excerpt":{"rendered":"<p>Il s&rsquo;agissait d&rsquo;un important Work Package qui a soutenu les grandes ambitions scientifiques et pratiques du projet avec une s\u00e9rie d&rsquo;activit\u00e9s qui ont engag\u00e9 les acteurs concern\u00e9s dans des activit\u00e9s sp\u00e9cifiques du projet et ont activement promu la diffusion et l&rsquo;exploitation \u00e0 grande \u00e9chelle des r\u00e9sultats du projet. L&rsquo;activit\u00e9 finale de ce Work Package a &hellip; <a href=\"https:\/\/www.agrilink2020.eu\/fr\/lots-de-travaux\/work-package-6-communication\">Continued<\/a><\/p>\n","protected":false},"author":1,"featured_media":0,"parent":4858,"menu_order":0,"comment_status":"closed","ping_status":"closed","template":"views\/template-child.blade.php","meta":[],"_links":{"self":[{"href":"https:\/\/www.agrilink2020.eu\/fr\/wp-json\/wp\/v2\/pages\/5454"}],"collection":[{"href":"https:\/\/www.agrilink2020.eu\/fr\/wp-json\/wp\/v2\/pages"}],"about":[{"href":"https:\/\/www.agrilink2020.eu\/fr\/wp-json\/wp\/v2\/types\/page"}],"author":[{"embeddable":true,"href":"https:\/\/www.agrilink2020.eu\/fr\/wp-json\/wp\/v2\/users\/1"}],"replies":[{"embeddable":true,"href":"https:\/\/www.agrilink2020.eu\/fr\/wp-json\/wp\/v2\/comments?post=5454"}],"version-history":[{"count":5,"href":"https:\/\/www.agrilink2020.eu\/fr\/wp-json\/wp\/v2\/pages\/5454\/revisions"}],"predecessor-version":[{"id":5472,"href":"https:\/\/www.agrilink2020.eu\/fr\/wp-json\/wp\/v2\/pages\/5454\/revisions\/5472"}],"up":[{"embeddable":true,"href":"https:\/\/www.agrilink2020.eu\/fr\/wp-json\/wp\/v2\/pages\/4858"}],"wp:attachment":[{"href":"https:\/\/www.agrilink2020.eu\/fr\/wp-json\/wp\/v2\/media?parent=5454"}],"curies":[{"name":"wp","href":"https:\/\/api.w.org\/{rel}","templated":true}]}}