{"id":5458,"date":"2021-06-29T11:01:02","date_gmt":"2021-06-29T11:01:02","guid":{"rendered":"https:\/\/legacy.agrilink2020.eu\/lots-de-travaux\/work-package-7gestion-de-projet"},"modified":"2022-04-09T12:38:43","modified_gmt":"2022-04-09T12:38:43","slug":"work-package-7gestion-de-projet","status":"publish","type":"page","link":"https:\/\/www.agrilink2020.eu\/fr\/lots-de-travaux\/work-package-7gestion-de-projet","title":{"rendered":"Work Package 7(Gestion de projet)"},"content":{"rendered":"\n<p>AgriLink \u00e9tait un projet multi-acteurs ambitieux qui a adopt\u00e9 une approche audacieuse et avant-gardiste de la recherche et de l&rsquo;innovation. La taille et la complexit\u00e9 du projet exigeaient donc une structure de gestion claire et efficace pour assurer le bon d\u00e9roulement et la mise en place optimale des activit\u00e9s du projet. <\/p>\n\n<div style=\"height:1px\" aria-hidden=\"true\" class=\"wp-block-spacer\"><\/div>\n\n<div style=\"height:1px\" aria-hidden=\"true\" class=\"wp-block-spacer\"><\/div>\n","protected":false},"excerpt":{"rendered":"<p>AgriLink \u00e9tait un projet multi-acteurs ambitieux qui a adopt\u00e9 une approche audacieuse et avant-gardiste de la recherche et de l&rsquo;innovation. La taille et la complexit\u00e9 du projet exigeaient donc une structure de gestion claire et efficace pour assurer le bon d\u00e9roulement et la mise en place optimale des activit\u00e9s du projet.<\/p>\n","protected":false},"author":1,"featured_media":0,"parent":4858,"menu_order":0,"comment_status":"closed","ping_status":"closed","template":"views\/template-child.blade.php","meta":[],"_links":{"self":[{"href":"https:\/\/www.agrilink2020.eu\/fr\/wp-json\/wp\/v2\/pages\/5458"}],"collection":[{"href":"https:\/\/www.agrilink2020.eu\/fr\/wp-json\/wp\/v2\/pages"}],"about":[{"href":"https:\/\/www.agrilink2020.eu\/fr\/wp-json\/wp\/v2\/types\/page"}],"author":[{"embeddable":true,"href":"https:\/\/www.agrilink2020.eu\/fr\/wp-json\/wp\/v2\/users\/1"}],"replies":[{"embeddable":true,"href":"https:\/\/www.agrilink2020.eu\/fr\/wp-json\/wp\/v2\/comments?post=5458"}],"version-history":[{"count":7,"href":"https:\/\/www.agrilink2020.eu\/fr\/wp-json\/wp\/v2\/pages\/5458\/revisions"}],"predecessor-version":[{"id":5621,"href":"https:\/\/www.agrilink2020.eu\/fr\/wp-json\/wp\/v2\/pages\/5458\/revisions\/5621"}],"up":[{"embeddable":true,"href":"https:\/\/www.agrilink2020.eu\/fr\/wp-json\/wp\/v2\/pages\/4858"}],"wp:attachment":[{"href":"https:\/\/www.agrilink2020.eu\/fr\/wp-json\/wp\/v2\/media?parent=5458"}],"curies":[{"name":"wp","href":"https:\/\/api.w.org\/{rel}","templated":true}]}}