{"id":5539,"date":"2021-06-29T10:59:49","date_gmt":"2021-06-29T10:59:49","guid":{"rendered":"https:\/\/legacy.agrilink2020.eu\/work-packages\/work-package-5-analisi-e-raccomandazioni"},"modified":"2022-04-09T11:35:54","modified_gmt":"2022-04-09T11:35:54","slug":"work-package-5-analisi-e-raccomandazioni","status":"publish","type":"page","link":"https:\/\/www.agrilink2020.eu\/it\/work-packages\/work-package-5-analisi-e-raccomandazioni","title":{"rendered":"Work Package 5 (Analisi e raccomandazioni)"},"content":{"rendered":"\n<p>Il progetto AgriLink ha generato una grande quantit\u00e0 di risultati di ricerca (inclusi dati quantitativi e qualitativi), specialmente dai Work Packages 2, 3 e 4. Il compito di questo Work Package \u00e8 stato quello di integrare e analizzare tutti questi risultati di ricerca per identificare le lezioni chiave apprese durante il progetto e quindi formulare raccomandazioni politiche basate su queste lezioni.  <\/p>\n\n\n\n<p>Per questo lavoro \u00e8 stata sviluppata una metodologia specifica che ha coinvolto sia il lavoro a livello documentale che una serie di workshop interattivi con agricoltori e consulenti in tutti i paesi partner.<\/p>\n\n\n\n<p>Le raccomandazioni finali sono state incluse nel contesto dei preparativi per la Politica Agricola Comune (PAC) 2023-2027, sottolineando la necessit\u00e0 che i servizi di consulenza agricola svolgano un ruolo molto pi\u00f9 importante nel sostenere la transizione verso un&#8217;agricoltura pi\u00f9 sostenibile e intelligente per il clima. I risultati finali di questo pacchetto di lavoro includono:<\/p>\n\n\n\n<ul><li>Buoni esempi e buone pratiche per sistemi di consulenza agricola ben collegati ed efficaci<\/li><li>Raccomandazioni per migliorare le prestazioni e l&#8217;efficacia dei servizi di consulenza<\/li><li>Suggerimenti per migliorare i modelli di governance e i relativi meccanismi di politica pubblica<\/li><\/ul>\n\n\n\n<hr class=\"wp-block-separator\"\/>\n\n\n\n<p>Scopri di pi\u00f9 <a rel=\"noreferrer noopener\" href=\"https:\/\/www.agrilink2020.eu\/wp-content\/uploads\/2022\/01\/AgriLink.Policy.recommendations.report_Deliverable_26.pdf\" target=\"_blank\">qui.<\/a><\/p>\n\n\n\n<hr class=\"wp-block-separator\"\/>\n","protected":false},"excerpt":{"rendered":"<p>Il progetto AgriLink ha generato una grande quantit\u00e0 di risultati di ricerca (inclusi dati quantitativi e qualitativi), specialmente dai Work Packages 2, 3 e 4. Il compito di questo Work Package \u00e8 stato quello di integrare e analizzare tutti questi risultati di ricerca per identificare le lezioni chiave apprese durante il progetto e quindi formulare &hellip; <a href=\"https:\/\/www.agrilink2020.eu\/it\/work-packages\/work-package-5-analisi-e-raccomandazioni\">Continued<\/a><\/p>\n","protected":false},"author":1,"featured_media":0,"parent":4856,"menu_order":0,"comment_status":"closed","ping_status":"closed","template":"views\/template-child.blade.php","meta":[],"_links":{"self":[{"href":"https:\/\/www.agrilink2020.eu\/it\/wp-json\/wp\/v2\/pages\/5539"}],"collection":[{"href":"https:\/\/www.agrilink2020.eu\/it\/wp-json\/wp\/v2\/pages"}],"about":[{"href":"https:\/\/www.agrilink2020.eu\/it\/wp-json\/wp\/v2\/types\/page"}],"author":[{"embeddable":true,"href":"https:\/\/www.agrilink2020.eu\/it\/wp-json\/wp\/v2\/users\/1"}],"replies":[{"embeddable":true,"href":"https:\/\/www.agrilink2020.eu\/it\/wp-json\/wp\/v2\/comments?post=5539"}],"version-history":[{"count":5,"href":"https:\/\/www.agrilink2020.eu\/it\/wp-json\/wp\/v2\/pages\/5539\/revisions"}],"predecessor-version":[{"id":5559,"href":"https:\/\/www.agrilink2020.eu\/it\/wp-json\/wp\/v2\/pages\/5539\/revisions\/5559"}],"up":[{"embeddable":true,"href":"https:\/\/www.agrilink2020.eu\/it\/wp-json\/wp\/v2\/pages\/4856"}],"wp:attachment":[{"href":"https:\/\/www.agrilink2020.eu\/it\/wp-json\/wp\/v2\/media?parent=5539"}],"curies":[{"name":"wp","href":"https:\/\/api.w.org\/{rel}","templated":true}]}}