{"id":5541,"date":"2021-06-29T11:00:37","date_gmt":"2021-06-29T11:00:37","guid":{"rendered":"https:\/\/legacy.agrilink2020.eu\/work-packages\/work-package-6-comunicazione"},"modified":"2022-04-09T11:36:40","modified_gmt":"2022-04-09T11:36:40","slug":"work-package-6-comunicazione","status":"publish","type":"page","link":"https:\/\/www.agrilink2020.eu\/it\/work-packages\/work-package-6-comunicazione","title":{"rendered":"Work Package 6 (Comunicazione)"},"content":{"rendered":"\n<p>Questo \u00e8 stato un importante Work Package che ha sostenuto le alte ambizioni scientifiche e pratiche del progetto con una serie di attivit\u00e0 che hanno coinvolto attori rilevanti con attivit\u00e0 specifiche del progetto e promosso attivamente la diffusione e lo sfruttamento dei risultati del progetto. L&#8217;attivit\u00e0 finale di questo Work Package \u00e8 stato lo sviluppo di questo sitoweb che rimarr\u00e0 online per 10 anni dalla fine del 2021. <\/p>\n","protected":false},"excerpt":{"rendered":"<p>Questo \u00e8 stato un importante Work Package che ha sostenuto le alte ambizioni scientifiche e pratiche del progetto con una serie di attivit\u00e0 che hanno coinvolto attori rilevanti con attivit\u00e0 specifiche del progetto e promosso attivamente la diffusione e lo sfruttamento dei risultati del progetto. L&#8217;attivit\u00e0 finale di questo Work Package \u00e8 stato lo sviluppo &hellip; <a href=\"https:\/\/www.agrilink2020.eu\/it\/work-packages\/work-package-6-comunicazione\">Continued<\/a><\/p>\n","protected":false},"author":1,"featured_media":0,"parent":4856,"menu_order":0,"comment_status":"closed","ping_status":"closed","template":"views\/template-child.blade.php","meta":[],"_links":{"self":[{"href":"https:\/\/www.agrilink2020.eu\/it\/wp-json\/wp\/v2\/pages\/5541"}],"collection":[{"href":"https:\/\/www.agrilink2020.eu\/it\/wp-json\/wp\/v2\/pages"}],"about":[{"href":"https:\/\/www.agrilink2020.eu\/it\/wp-json\/wp\/v2\/types\/page"}],"author":[{"embeddable":true,"href":"https:\/\/www.agrilink2020.eu\/it\/wp-json\/wp\/v2\/users\/1"}],"replies":[{"embeddable":true,"href":"https:\/\/www.agrilink2020.eu\/it\/wp-json\/wp\/v2\/comments?post=5541"}],"version-history":[{"count":3,"href":"https:\/\/www.agrilink2020.eu\/it\/wp-json\/wp\/v2\/pages\/5541\/revisions"}],"predecessor-version":[{"id":5561,"href":"https:\/\/www.agrilink2020.eu\/it\/wp-json\/wp\/v2\/pages\/5541\/revisions\/5561"}],"up":[{"embeddable":true,"href":"https:\/\/www.agrilink2020.eu\/it\/wp-json\/wp\/v2\/pages\/4856"}],"wp:attachment":[{"href":"https:\/\/www.agrilink2020.eu\/it\/wp-json\/wp\/v2\/media?parent=5541"}],"curies":[{"name":"wp","href":"https:\/\/api.w.org\/{rel}","templated":true}]}}