{"id":5690,"date":"2021-06-29T10:57:17","date_gmt":"2021-06-29T10:57:17","guid":{"rendered":"https:\/\/legacy.agrilink2020.eu\/work-packages\/arbeidspakke-2-dybdestudier-av-innovasjon"},"modified":"2023-04-07T10:05:45","modified_gmt":"2023-04-07T10:05:45","slug":"arbeidspakke-2-dybdestudier-av-innovasjon","status":"publish","type":"page","link":"https:\/\/www.agrilink2020.eu\/no\/work-packages\/arbeidspakke-2-dybdestudier-av-innovasjon","title":{"rendered":"Arbeidspakke 2 (Dybdestudier av innovasjon)"},"content":{"rendered":"\n<p>Denne arbeidspakken utviklet en omfattende forst\u00e5else av: <\/p>\n\n<ol><li>Det personlige kunnskapssystemet (s\u00e5kalt \u2018microAKIS\u2019) som b\u00f8nder setter sammen selv, inkludert de mange individene, organisasjonene og nettverkene som de benytter seg av for tjenester og utveksler kunnskap med, og;<\/li><li>B\u00f8nders beslutningsprosesser relatert til \u00e5 ta i bruk (eller ikke) innovasjon og innvirkningen av landbruksr\u00e5dgivingstjenester i disse beslutningene.<\/li><\/ol>\n\n<p>Disse forst\u00e5else ble utviklet i dybdestudiene og utfyllende intervjuer med b\u00f8nder og r\u00e5dgivere i 32 \u2018fokusregioner\u2019, p\u00e5 tvers av Europa (se kart nedenfor) og i relasjon til ni betydelige omr\u00e5der for landbruksinnovasjon:<\/p>\n\n<ul><li>Autonome kj\u00f8ret\u00f8y, roboter, droner, intelligente sensorer og presisjonslandbruk<\/li><li>Biologisk sykdomskontroll<\/li><li>Jordforbedring <\/li><li>Retro-innovasjon (gjenoppdagelse, gjenskapelse og gjenbruk av tradisjonelle produkter\/avlinger).<\/li><li>Introduksjon av nye avlinger (belgfrukter, supermat, sunne fr\u00f8 o.l.).<\/li><li>Utvikling av nye aktiviteter (adspredelse, helsefremming, ville ressurser, fornybar energi o.l.).<\/li><li>Direkte markedsf\u00f8ring og lokale produkter<\/li><li>Forvaltning av allmenningsressurser (vann, beite, skog o.l.).<\/li><li>Innovative arbeidsordninger<\/li><\/ul>\n\n<hr class=\"wp-block-separator\"\/>\n\n<p>Den endelige rapporten fra denne arbeidspakken kan lastes ned <a href=\"http:\/\/old.agrilink2020.eu\/wp-content\/uploads\/2019\/01\/AgriLink_Synthesis-Report-of-WP2.Small_.pdf\">her<\/a><a rel=\"noreferrer noopener\" href=\"http:\/\/www.agrilink2020.eu\/wp-content\/uploads\/2019\/01\/AgriLink_Synthesis-Report-of-WP2.Small_.pdf\" target=\"_blank\">.<\/a><\/p>\n\n<hr class=\"wp-block-separator\"\/>\n\n<p>Se en forklarende video p\u00e5 YouTube her<\/p>\n\n<figure class=\"wp-block-embed is-type-video is-provider-youtube wp-block-embed-youtube wp-embed-aspect-16-9 wp-has-aspect-ratio\"><div class=\"wp-block-embed__wrapper\">\n<iframe loading=\"lazy\" title=\"AgriLink: Regional innovation case-studies across Europe (Work package 2)\" width=\"500\" height=\"281\" src=\"https:\/\/www.youtube.com\/embed\/JOFp0Kl3W-I?start=2&#038;feature=oembed\" frameborder=\"0\" allow=\"accelerometer; autoplay; clipboard-write; encrypted-media; gyroscope; picture-in-picture\" allowfullscreen><\/iframe>\n<\/div><\/figure>\n","protected":false},"excerpt":{"rendered":"<p>Denne arbeidspakken utviklet en omfattende forst\u00e5else av: Det personlige kunnskapssystemet (s\u00e5kalt \u2018microAKIS\u2019) som b\u00f8nder setter sammen selv, inkludert de mange individene, organisasjonene og nettverkene som de benytter seg av for tjenester og utveksler kunnskap med, og; B\u00f8nders beslutningsprosesser relatert til \u00e5 ta i bruk (eller ikke) innovasjon og innvirkningen av landbruksr\u00e5dgivingstjenester i disse beslutningene. Disse &hellip; <a href=\"https:\/\/www.agrilink2020.eu\/no\/work-packages\/arbeidspakke-2-dybdestudier-av-innovasjon\">Continued<\/a><\/p>\n","protected":false},"author":1,"featured_media":0,"parent":4862,"menu_order":0,"comment_status":"closed","ping_status":"closed","template":"views\/template-child.blade.php","meta":[],"_links":{"self":[{"href":"https:\/\/www.agrilink2020.eu\/no\/wp-json\/wp\/v2\/pages\/5690"}],"collection":[{"href":"https:\/\/www.agrilink2020.eu\/no\/wp-json\/wp\/v2\/pages"}],"about":[{"href":"https:\/\/www.agrilink2020.eu\/no\/wp-json\/wp\/v2\/types\/page"}],"author":[{"embeddable":true,"href":"https:\/\/www.agrilink2020.eu\/no\/wp-json\/wp\/v2\/users\/1"}],"replies":[{"embeddable":true,"href":"https:\/\/www.agrilink2020.eu\/no\/wp-json\/wp\/v2\/comments?post=5690"}],"version-history":[{"count":4,"href":"https:\/\/www.agrilink2020.eu\/no\/wp-json\/wp\/v2\/pages\/5690\/revisions"}],"predecessor-version":[{"id":10460,"href":"https:\/\/www.agrilink2020.eu\/no\/wp-json\/wp\/v2\/pages\/5690\/revisions\/10460"}],"up":[{"embeddable":true,"href":"https:\/\/www.agrilink2020.eu\/no\/wp-json\/wp\/v2\/pages\/4862"}],"wp:attachment":[{"href":"https:\/\/www.agrilink2020.eu\/no\/wp-json\/wp\/v2\/media?parent=5690"}],"curies":[{"name":"wp","href":"https:\/\/api.w.org\/{rel}","templated":true}]}}