{"id":5692,"date":"2021-06-29T10:58:49","date_gmt":"2021-06-29T10:58:49","guid":{"rendered":"https:\/\/legacy.agrilink2020.eu\/work-packages\/arbeidspakke-3-levende-laboratorier"},"modified":"2023-04-07T10:07:21","modified_gmt":"2023-04-07T10:07:21","slug":"arbeidspakke-3-levende-laboratorier","status":"publish","type":"page","link":"https:\/\/www.agrilink2020.eu\/no\/work-packages\/arbeidspakke-3-levende-laboratorier","title":{"rendered":"Arbeidspakke 3 (Levende laboratorier)"},"content":{"rendered":"\n<p>\u2018Levende laboratorier\u2019 (Living Lab) er en stadig mer veletablert tiln\u00e6rming eller metode for \u00e5 fremme innovasjon gjennom samarbeid og samskapning. Til forskjell fra et tradisjonelt laboratorium, er det levende laboratorium plassert ute i den virkelige verden og fokuserer p\u00e5 \u00e5 l\u00f8se reelle behov blant folk som deltar. Levende laboratorier er nyttig for \u00e5 l\u00f8se komplekse utfordringer som vanskelig lar seg l\u00f8se av en enkeltperson.  <\/p>\n\n<p>Denne arbeidspakken brukte levende laboratorium-metodologien for \u00e5 utvikle og teste nye og forbedrede landbruksr\u00e5dgivingsverkt\u00f8y og -tjenester under seks forskjellige omstendigheter i Norge, Latvia, Romania, Spania, Italia og Nederland\/Belgia. Prosjektpartnerne ble oppl\u00e6rt til \u00e5 arrangere, tilrettelegge og overv\u00e5ke det levende laboratoriet i hvert land.  Hver og en av de seks levende laboratoriene var unike i tr\u00e5d med karakteristikkene og dynamikkene i de lokale og nasjonale kontekstene. <\/p>\n\n<hr class=\"wp-block-separator\"\/>\n\n<p>Finn ut mer <a href=\"https:\/\/old.agrilink2020.eu\/work-package\/wp3-living-labs-for-innovation-support-services\/\">her.<\/a><\/p>\n\n<hr class=\"wp-block-separator\"\/>\n\n<p>Se en forklarende video p\u00e5 YouTube her<\/p>\n\n<figure class=\"wp-block-embed is-type-video is-provider-youtube wp-block-embed-youtube wp-embed-aspect-16-9 wp-has-aspect-ratio\"><div class=\"wp-block-embed__wrapper\">\n<iframe loading=\"lazy\" title=\"AgriLink Living Lab presentation - Work Package 3\" width=\"500\" height=\"281\" src=\"https:\/\/www.youtube.com\/embed\/JqC9ErkFbyI?start=6&#038;feature=oembed\" frameborder=\"0\" allow=\"accelerometer; autoplay; clipboard-write; encrypted-media; gyroscope; picture-in-picture\" allowfullscreen><\/iframe>\n<\/div><\/figure>\n","protected":false},"excerpt":{"rendered":"<p>\u2018Levende laboratorier\u2019 (Living Lab) er en stadig mer veletablert tiln\u00e6rming eller metode for \u00e5 fremme innovasjon gjennom samarbeid og samskapning. Til forskjell fra et tradisjonelt laboratorium, er det levende laboratorium plassert ute i den virkelige verden og fokuserer p\u00e5 \u00e5 l\u00f8se reelle behov blant folk som deltar. Levende laboratorier er nyttig for \u00e5 l\u00f8se komplekse &hellip; <a href=\"https:\/\/www.agrilink2020.eu\/no\/work-packages\/arbeidspakke-3-levende-laboratorier\">Continued<\/a><\/p>\n","protected":false},"author":1,"featured_media":0,"parent":4862,"menu_order":0,"comment_status":"closed","ping_status":"closed","template":"views\/template-child.blade.php","meta":[],"_links":{"self":[{"href":"https:\/\/www.agrilink2020.eu\/no\/wp-json\/wp\/v2\/pages\/5692"}],"collection":[{"href":"https:\/\/www.agrilink2020.eu\/no\/wp-json\/wp\/v2\/pages"}],"about":[{"href":"https:\/\/www.agrilink2020.eu\/no\/wp-json\/wp\/v2\/types\/page"}],"author":[{"embeddable":true,"href":"https:\/\/www.agrilink2020.eu\/no\/wp-json\/wp\/v2\/users\/1"}],"replies":[{"embeddable":true,"href":"https:\/\/www.agrilink2020.eu\/no\/wp-json\/wp\/v2\/comments?post=5692"}],"version-history":[{"count":4,"href":"https:\/\/www.agrilink2020.eu\/no\/wp-json\/wp\/v2\/pages\/5692\/revisions"}],"predecessor-version":[{"id":10461,"href":"https:\/\/www.agrilink2020.eu\/no\/wp-json\/wp\/v2\/pages\/5692\/revisions\/10461"}],"up":[{"embeddable":true,"href":"https:\/\/www.agrilink2020.eu\/no\/wp-json\/wp\/v2\/pages\/4862"}],"wp:attachment":[{"href":"https:\/\/www.agrilink2020.eu\/no\/wp-json\/wp\/v2\/media?parent=5692"}],"curies":[{"name":"wp","href":"https:\/\/api.w.org\/{rel}","templated":true}]}}