{"id":5696,"date":"2021-06-29T10:59:49","date_gmt":"2021-06-29T10:59:49","guid":{"rendered":"https:\/\/legacy.agrilink2020.eu\/work-packages\/arbeidspakke-5-analyse-og-anbefalinger"},"modified":"2022-04-09T13:55:57","modified_gmt":"2022-04-09T13:55:57","slug":"arbeidspakke-5-analyse-og-anbefalinger","status":"publish","type":"page","link":"https:\/\/www.agrilink2020.eu\/no\/work-packages\/arbeidspakke-5-analyse-og-anbefalinger","title":{"rendered":"Arbeidspakke 5 (Analyse og anbefalinger)"},"content":{"rendered":"\n<p>AgriLink-prosjektet skapte en stor mengde forskningsresultater (inkludert kvalitative og kvantitative data), spesielt fra arbeidspakke 2, 3 og 4. Denne arbeidspakkens oppgave var \u00e5 sammenstille og analysere alle resultatene for \u00e5 identifisere den viktigste nye kunnskapen fra prosjektet og deretter formulere styringsanbefalinger basert p\u00e5 denne kunnskapen.  <\/p>\n\n\n\n<p>En egen metodologi ble utviklet for dette arbeidet, som involverte b\u00e5de skrivebordsarbeid og en rekke interaktive arbeidsgrupper med b\u00f8nder og r\u00e5dgivere i alle partnerlandene.<\/p>\n\n\n\n<p>De endelige anbefalingene ble til med hensyn til EUs felles landbrukspolitikk for 2023-2027 (Common Agricultural Policy, CAP) og behovet for at landbruksr\u00e5dgivingstjenester skal spille en st\u00f8rre rolle i overgangen til et mer b\u00e6rekraftig og klimasmart landbruk. Endelige resultater av denne arbeidspakken var:<\/p>\n\n\n\n<ul><li>Gode eksempler og beste fremgangsm\u00e5te for vel forbundne og effektive landbruksr\u00e5dgivingssystemer<\/li><li>Anbefalinger for hvordan ytelsen og effektiviteten til r\u00e5dgivingstjenestene kan forbedres<\/li><li>Forslag til hvordan myndighetsstyringsmodeller og relaterte offentlige styringsmekanismer kan forbedres<\/li><\/ul>\n\n\n\n<hr class=\"wp-block-separator\"\/>\n\n\n\n<p>Finn ut mer <a href=\"https:\/\/www.agrilink2020.eu\/wp-content\/uploads\/2022\/01\/AgriLink.Policy.recommendations.report_Deliverable_26.pdf\" target=\"_blank\" rel=\"noreferrer noopener\">her.<\/a><\/p>\n\n\n\n<hr class=\"wp-block-separator\"\/>\n","protected":false},"excerpt":{"rendered":"<p>AgriLink-prosjektet skapte en stor mengde forskningsresultater (inkludert kvalitative og kvantitative data), spesielt fra arbeidspakke 2, 3 og 4. Denne arbeidspakkens oppgave var \u00e5 sammenstille og analysere alle resultatene for \u00e5 identifisere den viktigste nye kunnskapen fra prosjektet og deretter formulere styringsanbefalinger basert p\u00e5 denne kunnskapen. En egen metodologi ble utviklet for dette arbeidet, som involverte &hellip; <a href=\"https:\/\/www.agrilink2020.eu\/no\/work-packages\/arbeidspakke-5-analyse-og-anbefalinger\">Continued<\/a><\/p>\n","protected":false},"author":1,"featured_media":0,"parent":4862,"menu_order":0,"comment_status":"closed","ping_status":"closed","template":"views\/template-child.blade.php","meta":[],"_links":{"self":[{"href":"https:\/\/www.agrilink2020.eu\/no\/wp-json\/wp\/v2\/pages\/5696"}],"collection":[{"href":"https:\/\/www.agrilink2020.eu\/no\/wp-json\/wp\/v2\/pages"}],"about":[{"href":"https:\/\/www.agrilink2020.eu\/no\/wp-json\/wp\/v2\/types\/page"}],"author":[{"embeddable":true,"href":"https:\/\/www.agrilink2020.eu\/no\/wp-json\/wp\/v2\/users\/1"}],"replies":[{"embeddable":true,"href":"https:\/\/www.agrilink2020.eu\/no\/wp-json\/wp\/v2\/comments?post=5696"}],"version-history":[{"count":3,"href":"https:\/\/www.agrilink2020.eu\/no\/wp-json\/wp\/v2\/pages\/5696\/revisions"}],"predecessor-version":[{"id":5720,"href":"https:\/\/www.agrilink2020.eu\/no\/wp-json\/wp\/v2\/pages\/5696\/revisions\/5720"}],"up":[{"embeddable":true,"href":"https:\/\/www.agrilink2020.eu\/no\/wp-json\/wp\/v2\/pages\/4862"}],"wp:attachment":[{"href":"https:\/\/www.agrilink2020.eu\/no\/wp-json\/wp\/v2\/media?parent=5696"}],"curies":[{"name":"wp","href":"https:\/\/api.w.org\/{rel}","templated":true}]}}