{"id":5700,"date":"2021-06-29T11:01:02","date_gmt":"2021-06-29T11:01:02","guid":{"rendered":"https:\/\/legacy.agrilink2020.eu\/work-packages\/arbeidspakke-7-prosjektstyring"},"modified":"2022-04-09T13:57:34","modified_gmt":"2022-04-09T13:57:34","slug":"arbeidspakke-7-prosjektstyring","status":"publish","type":"page","link":"https:\/\/www.agrilink2020.eu\/no\/work-packages\/arbeidspakke-7-prosjektstyring","title":{"rendered":"Arbeidspakke 7 (Prosjektstyring)"},"content":{"rendered":"\n<p>AgriLink var et ambisi\u00f8st prosjekt med mangfoldig deltakelse, som p\u00e5 unikt vis tok i bruk banebrytende tiln\u00e6rminger til forskning og innovasjon. St\u00f8rrelsen og kompleksiteten til prosjektet krevde derfor en klar og effektiv styringsstruktur som s\u00f8rget for smidig drift og best mulig administrering av prosjektaktivitetene. <\/p>\n\n\n\n<div style=\"height:1px\" aria-hidden=\"true\" class=\"wp-block-spacer\"><\/div>\n\n\n\n<div style=\"height:1px\" aria-hidden=\"true\" class=\"wp-block-spacer\"><\/div>\n","protected":false},"excerpt":{"rendered":"<p>AgriLink var et ambisi\u00f8st prosjekt med mangfoldig deltakelse, som p\u00e5 unikt vis tok i bruk banebrytende tiln\u00e6rminger til forskning og innovasjon. St\u00f8rrelsen og kompleksiteten til prosjektet krevde derfor en klar og effektiv styringsstruktur som s\u00f8rget for smidig drift og best mulig administrering av prosjektaktivitetene.<\/p>\n","protected":false},"author":1,"featured_media":0,"parent":4862,"menu_order":0,"comment_status":"closed","ping_status":"closed","template":"views\/template-child.blade.php","meta":[],"_links":{"self":[{"href":"https:\/\/www.agrilink2020.eu\/no\/wp-json\/wp\/v2\/pages\/5700"}],"collection":[{"href":"https:\/\/www.agrilink2020.eu\/no\/wp-json\/wp\/v2\/pages"}],"about":[{"href":"https:\/\/www.agrilink2020.eu\/no\/wp-json\/wp\/v2\/types\/page"}],"author":[{"embeddable":true,"href":"https:\/\/www.agrilink2020.eu\/no\/wp-json\/wp\/v2\/users\/1"}],"replies":[{"embeddable":true,"href":"https:\/\/www.agrilink2020.eu\/no\/wp-json\/wp\/v2\/comments?post=5700"}],"version-history":[{"count":3,"href":"https:\/\/www.agrilink2020.eu\/no\/wp-json\/wp\/v2\/pages\/5700\/revisions"}],"predecessor-version":[{"id":5724,"href":"https:\/\/www.agrilink2020.eu\/no\/wp-json\/wp\/v2\/pages\/5700\/revisions\/5724"}],"up":[{"embeddable":true,"href":"https:\/\/www.agrilink2020.eu\/no\/wp-json\/wp\/v2\/pages\/4862"}],"wp:attachment":[{"href":"https:\/\/www.agrilink2020.eu\/no\/wp-json\/wp\/v2\/media?parent=5700"}],"curies":[{"name":"wp","href":"https:\/\/api.w.org\/{rel}","templated":true}]}}