{"id":4863,"date":"2021-06-29T08:58:12","date_gmt":"2021-06-29T08:58:12","guid":{"rendered":"https:\/\/legacy.agrilink2020.eu\/work-packages"},"modified":"2022-04-09T11:59:28","modified_gmt":"2022-04-09T11:59:28","slug":"pakiety-robocze","status":"publish","type":"page","link":"https:\/\/www.agrilink2020.eu\/pl\/pakiety-robocze","title":{"rendered":"Pakiety robocze"},"content":{"rendered":"\n<p><strong>Ka\u017cdy pakiet roboczy by\u0142 prowadzony wsp\u00f3lnie przez partnera akademickiego i partnera zorientowanego na praktyk\u0119.<\/strong><\/p>\n","protected":false},"excerpt":{"rendered":"<p>Ka\u017cdy pakiet roboczy by\u0142 prowadzony wsp\u00f3lnie przez partnera akademickiego i partnera zorientowanego na praktyk\u0119.<\/p>\n","protected":false},"author":1,"featured_media":0,"parent":0,"menu_order":0,"comment_status":"closed","ping_status":"closed","template":"","meta":[],"_links":{"self":[{"href":"https:\/\/www.agrilink2020.eu\/pl\/wp-json\/wp\/v2\/pages\/4863"}],"collection":[{"href":"https:\/\/www.agrilink2020.eu\/pl\/wp-json\/wp\/v2\/pages"}],"about":[{"href":"https:\/\/www.agrilink2020.eu\/pl\/wp-json\/wp\/v2\/types\/page"}],"author":[{"embeddable":true,"href":"https:\/\/www.agrilink2020.eu\/pl\/wp-json\/wp\/v2\/users\/1"}],"replies":[{"embeddable":true,"href":"https:\/\/www.agrilink2020.eu\/pl\/wp-json\/wp\/v2\/comments?post=4863"}],"version-history":[{"count":4,"href":"https:\/\/www.agrilink2020.eu\/pl\/wp-json\/wp\/v2\/pages\/4863\/revisions"}],"predecessor-version":[{"id":5582,"href":"https:\/\/www.agrilink2020.eu\/pl\/wp-json\/wp\/v2\/pages\/4863\/revisions\/5582"}],"wp:attachment":[{"href":"https:\/\/www.agrilink2020.eu\/pl\/wp-json\/wp\/v2\/media?parent=4863"}],"curies":[{"name":"wp","href":"https:\/\/api.w.org\/{rel}","templated":true}]}}