{"id":5389,"date":"2021-06-29T12:53:31","date_gmt":"2021-06-29T12:53:31","guid":{"rendered":"https:\/\/legacy.agrilink2020.eu\/slowniczek"},"modified":"2022-04-04T13:05:35","modified_gmt":"2022-04-04T13:05:35","slug":"slowniczek","status":"publish","type":"page","link":"https:\/\/www.agrilink2020.eu\/pl\/slowniczek","title":{"rendered":"S\u0142owniczek"},"content":{"rendered":"\n<h1><\/h1>\n\n<h2 id=\"glossary\"><a>S\u0142owniczek<\/a><\/h2>\n\n<p><strong>A<\/strong><\/p>\n\n<p><strong>System Wiedzy i Innowacji Rolniczych (AKIS)<\/strong> \u2013 zbi\u00f3r wszystkich os\u00f3b i organizacji (wraz z powi\u0105zanymi procesami i regulacjami), kt\u00f3re generuj\u0105, dziel\u0105 si\u0119 i wykorzystuj\u0105 wiedz\u0119 i innowacje dla rolnictwa, le\u015bnictwa i rozwoju obszar\u00f3w wiejskich. <\/p>\n\n<p><strong>b<\/strong><\/p>\n\n<p><strong>Back-Office\/ Front-Office<\/strong> \u2013 w us\u0142ugach doradztwa rolniczego \u201efront-office\u201d to miejsce, w kt\u00f3rym rozwijane i wdra\u017cane s\u0105 profesjonalne relacje mi\u0119dzy rolnikami a doradcami. \u201eZaplecze\u201d to miejsce, w kt\u00f3rym gromadzone i aktualizowane s\u0105 dowody i wiedza (np. szkolenie i tworzenie sieci doradc\u00f3w, badania i rozw\u00f3j).<\/p>\n\n<p><strong>F<\/strong><\/p>\n\n<p><strong>Us\u0142ugi doradztwa rolniczego &#8211;<\/strong> zestaw organizacji, kt\u00f3re umo\u017cliwiaj\u0105 rolnikom opracowywanie rozwi\u0105za\u0144 na poziomie gospodarstwa, podnoszenie umiej\u0119tno\u015bci i wsp\u00f3\u0142tworzenie nowej wiedzy z doradcami. Organizacje te cz\u0119sto \u0142\u0105cz\u0105 dzia\u0142alno\u015b\u0107 front-office i back-office i obejmuj\u0105 tradycyjnych dostawc\u00f3w us\u0142ug doradczych (izby rolnicze, organy publiczne itp.), organizacje rolnik\u00f3w (zwi\u0105zki, stowarzyszenia, sp\u00f3\u0142dzielnie itp.), niezale\u017cnych konsultant\u00f3w, organizacje pozarz\u0105dowe, podmioty komercyjne produkt\u00f3w i us\u0142ug technicznych itp.<\/p>\n\n<p><strong>Rolnik &#8211;<\/strong> producent artyku\u0142\u00f3w rolnych. Poj\u0119cie to obejmuje pe\u0142n\u0105 gam\u0119 wielko\u015bci i typ\u00f3w gospodarstw, a tak\u017ce cz\u0142onk\u00f3w rodziny rolniczej, kierownik\u00f3w gospodarstw i pracownik\u00f3w gospodarstw <strong>.<\/strong><\/p>\n\n<p><strong>g<\/strong><\/p>\n\n<p><strong>Zarz\u0105dzanie \u2014<\/strong> rynki, polityki, regulacje, sieci i normy spo\u0142eczne, kt\u00f3re tworz\u0105 i egzekwuj\u0105 zasady dzia\u0142a\u0144 w okre\u015blonym kontek\u015bcie.<\/p>\n\n<p><strong>h<\/strong><\/p>\n\n<p><strong><a href=\"https:\/\/ec.europa.eu\/programmes\/horizon2020\/en\/what-horizon-2020\">Horyzont 2020<\/a> (H2020) \u2013<\/strong> program badawczy i program innowacji Unii Europejskiej na lata 2014-2020.<\/p>\n\n<p><strong>i<\/strong><\/p>\n\n<p><strong>Innowacja &#8211;<\/strong> wdro\u017cenie nowego lub znacz\u0105co ulepszonego produktu (towaru lub us\u0142ugi) lub procesu. Dzia\u0142alno\u015b\u0107 innowacyjna to wszelkie dzia\u0142ania naukowe, technologiczne, organizacyjne, finansowe i komercyjne, kt\u00f3re przyczyniaj\u0105 si\u0119 do tworzenia, przyjmowania i wykorzystywania innowacji.<\/p>\n\n<p><strong>Obszary innowacji \u2013<\/strong> osiem konkretnych typ\u00f3w innowacji wybranych do badania w projekcie AgriLink.<\/p>\n\n<p><strong>K<\/strong><\/p>\n\n<p><strong>Knowledge Intensive Business Services (KIBS) &#8211;<\/strong> firmy, kt\u00f3rych g\u0142\u00f3wnymi wej\u015bciami i wyj\u015bciami s\u0105 r\u00f3\u017cne formy wiedzy.<\/p>\n\n<p><strong>Wiedza &#8211;<\/strong> fakty, informacje, zrozumienie i umiej\u0119tno\u015bci nabyte poprzez do\u015bwiadczenie, edukacj\u0119 lub badania.<\/p>\n\n<p><strong>L<\/strong><\/p>\n\n<p><strong>Uczenie si\u0119 &#8211;<\/strong> nabywanie wiedzy lub umiej\u0119tno\u015bci poprzez nauk\u0119, do\u015bwiadczenie lub nauczanie.<\/p>\n\n<p><strong>Living Laboratory (Lab) \u2014<\/strong> partnerstwo, w ramach kt\u00f3rego przedsi\u0119biorstwa, w\u0142adze, obywatele i inne zainteresowane strony wsp\u00f3\u0142pracuj\u0105 w celu tworzenia, walidacji i testowania nowych us\u0142ug, pomys\u0142\u00f3w biznesowych, rynk\u00f3w i technologii w rzeczywistych kontekstach.<\/p>\n\n<p><strong>m<\/strong><\/p>\n\n<p><strong>Mikropoziomowy system wiedzy i informacji rolniczej (mikro-AKIS) \u2013<\/strong> system wiedzy osobistej, kt\u00f3ry rolnicy tworz\u0105\/gromadz\u0105 dla siebie, obejmuj\u0105cy szereg os\u00f3b, organizacji i sieci, od kt\u00f3rych poszukuj\u0105 us\u0142ug i wymieniaj\u0105 si\u0119 wiedz\u0105.<\/p>\n\n<p><strong>S<\/strong><\/p>\n\n<p><strong><a href=\"https:\/\/ec.europa.eu\/research\/scar\/index.cfm\">SCAR<\/a><\/strong> (Sta\u0142y Komitet Komisji Europejskiej ds. Bada\u0144 Rolniczych) \u2013 komitet ekspert\u00f3w doradzaj\u0105cy Komisji Europejskiej i pa\u0144stwom cz\u0142onkowskim UE w zakresie planowania strategicznego i koordynacji bada\u0144 w rolnictwie oraz rozwoju potencja\u0142u badawczego.<\/p>\n\n<p><strong><a href=\"https:\/\/www.wur.nl\/nl\/project\/SCARAKIS-strategic-working-group-3.htm\">Strategiczna Grupa Robocza SCAR AKIS (Strategiczna Grupa Robocza<\/a> SCAR AKIS) \u2013<\/strong> podgrupa Sta\u0142ego Komitetu Komisji Europejskiej ds. Bada\u0144 Rolniczych, kt\u00f3ra doradza w szczeg\u00f3lno\u015bci w kwestiach dotycz\u0105cych wiedzy i innowacji w rolnictwie, w tym przysz\u0142o\u015bci us\u0142ug doradztwa rolniczego.<\/p>\n\n<p><strong>Zr\u00f3wnowa\u017cone rolnictwo<\/strong> \u2013 praktyki, kt\u00f3re s\u0105 ekonomicznie op\u0142acalne, korzystne dla \u015brodowiska i zapewniaj\u0105 szersze korzy\u015bci spo\u0142ecze\u0144stwu, nie ograniczaj\u0105c jednocze\u015bnie potencja\u0142u przysz\u0142ych pokole\u0144 w zakresie zaspokojenia w\u0142asnych potrzeb w zakresie produkcji \u017cywno\u015bci.<\/p>\n\n<p><strong>T<\/strong><\/p>\n\n<p><strong><a href=\"https:\/\/www.google.co.uk\/search?hl=en&amp;q=Evaluation+criteria+for+H2020+transdisciplinarity&amp;meta=&amp;rlz=&amp;gws_rd=ssl\">Transdyscyplinarne<\/a><\/strong> \u2013 naukowe podej\u015bcie i metodologia integruj\u0105ca w razie potrzeby i) teorie, koncepcje, wiedza, dane i techniki z dw\u00f3ch lub wi\u0119cej dyscyplin naukowych wraz z ii) wiedza nieakademicka i niesformalizowana.<\/p>\n\n<hr class=\"wp-block-separator\"\/>\n","protected":false},"excerpt":{"rendered":"<p>S\u0142owniczek A System Wiedzy i Innowacji Rolniczych (AKIS) \u2013 zbi\u00f3r wszystkich os\u00f3b i organizacji (wraz z powi\u0105zanymi procesami i regulacjami), kt\u00f3re generuj\u0105, dziel\u0105 si\u0119 i wykorzystuj\u0105 wiedz\u0119 i innowacje dla rolnictwa, le\u015bnictwa i rozwoju obszar\u00f3w wiejskich. b Back-Office\/ Front-Office \u2013 w us\u0142ugach doradztwa rolniczego \u201efront-office\u201d to miejsce, w kt\u00f3rym rozwijane i wdra\u017cane s\u0105 profesjonalne relacje &hellip; <a href=\"https:\/\/www.agrilink2020.eu\/pl\/slowniczek\">Continued<\/a><\/p>\n","protected":false},"author":1,"featured_media":0,"parent":0,"menu_order":0,"comment_status":"closed","ping_status":"closed","template":"views\/template-glossary.blade.php","meta":[],"_links":{"self":[{"href":"https:\/\/www.agrilink2020.eu\/pl\/wp-json\/wp\/v2\/pages\/5389"}],"collection":[{"href":"https:\/\/www.agrilink2020.eu\/pl\/wp-json\/wp\/v2\/pages"}],"about":[{"href":"https:\/\/www.agrilink2020.eu\/pl\/wp-json\/wp\/v2\/types\/page"}],"author":[{"embeddable":true,"href":"https:\/\/www.agrilink2020.eu\/pl\/wp-json\/wp\/v2\/users\/1"}],"replies":[{"embeddable":true,"href":"https:\/\/www.agrilink2020.eu\/pl\/wp-json\/wp\/v2\/comments?post=5389"}],"version-history":[{"count":1,"href":"https:\/\/www.agrilink2020.eu\/pl\/wp-json\/wp\/v2\/pages\/5389\/revisions"}],"predecessor-version":[{"id":5390,"href":"https:\/\/www.agrilink2020.eu\/pl\/wp-json\/wp\/v2\/pages\/5389\/revisions\/5390"}],"wp:attachment":[{"href":"https:\/\/www.agrilink2020.eu\/pl\/wp-json\/wp\/v2\/media?parent=5389"}],"curies":[{"name":"wp","href":"https:\/\/api.w.org\/{rel}","templated":true}]}}