{"id":5570,"date":"2021-06-29T10:58:49","date_gmt":"2021-06-29T10:58:49","guid":{"rendered":"https:\/\/legacy.agrilink2020.eu\/work-packages\/pakiet-roboczy-3-zywe-laboratoria"},"modified":"2022-04-09T12:05:12","modified_gmt":"2022-04-09T12:05:12","slug":"pakiet-roboczy-3-zywe-laboratoria","status":"publish","type":"page","link":"https:\/\/www.agrilink2020.eu\/pl\/pakiety-robocze\/pakiet-roboczy-3-zywe-laboratoria","title":{"rendered":"Pakiet roboczy 3 (\u017bywe laboratoria)"},"content":{"rendered":"\n<p>&#8222;\u017bywe Laboratoria&#8221; (Living Labs) s\u0105 coraz lepiej ugruntowanym podej\u015bciem do wspierania innowacji poprzez wsp\u00f3\u0142prac\u0119 i wsp\u00f3\u0142tworzenie. W przeciwie\u0144stwie do tradycyjnego laboratorium, \u017bywe Laboratorium funkcjonuje w rzeczywistym kontek\u015bcie i koncentruje si\u0119 na zaspokajaniu rzeczywistych potrzeb os\u00f3b, kt\u00f3re w nim uczestnicz\u0105. \u017bywe Laboratoria s\u0105 bardzo dobre do rozwi\u0105zywania z\u0142o\u017conych wyzwa\u0144, kt\u00f3re s\u0105 bardzo trudne do rozwi\u0105zania dla pojedynczej osoby.  <\/p>\n\n\n\n<p>W ramach tego pakietu roboczego wykorzystano metodologi\u0119 \u017bywego Laboratorium do opracowania i przetestowania nowych i ulepszonych narz\u0119dzi i us\u0142ug doradztwa rolniczego w sze\u015bciu r\u00f3\u017cnych okoliczno\u015bciach w Norwegii, \u0141otwie, Rumunii, Hiszpanii, W\u0142oszech i Holandii\/Belgii. Partnerzy projektu zostali przeszkoleni w zakresie prowadzenia, u\u0142atwiania i monitorowania \u017bywych Laboratori\u00f3w w tych krajach.  Ka\u017cdy z 6 \u017bywych Laboratori\u00f3w by\u0142 unikalny ze wzgl\u0119du na specyfik\u0119 i dynamik\u0119 lokalnego i krajowego kontekstu. Dowiedz si\u0119 wi\u0119cej tutaj. <\/p>\n\n\n\n<hr class=\"wp-block-separator\"\/>\n\n\n\n<p>Dowiedz si\u0119 wi\u0119cej <a href=\"https:\/\/www.agrilink2020.eu\/work-package\/wp3-living-labs-for-innovation-support-services\/\" target=\"_blank\" rel=\"noreferrer noopener\">tutaj.<\/a><\/p>\n\n\n\n<hr class=\"wp-block-separator\"\/>\n\n\n\n<p>Obejrzyj film obja\u015bniaj\u0105cy na YouTube<\/p>\n\n\n\n<figure class=\"wp-block-embed is-type-video is-provider-youtube wp-block-embed-youtube wp-embed-aspect-16-9 wp-has-aspect-ratio\"><div class=\"wp-block-embed__wrapper\">\n<iframe loading=\"lazy\" title=\"AgriLink Living Lab presentation - Work Package 3\" width=\"500\" height=\"281\" src=\"https:\/\/www.youtube.com\/embed\/JqC9ErkFbyI?start=6&#038;feature=oembed\" frameborder=\"0\" allow=\"accelerometer; autoplay; clipboard-write; encrypted-media; gyroscope; picture-in-picture\" allowfullscreen><\/iframe>\n<\/div><\/figure>\n","protected":false},"excerpt":{"rendered":"<p>&#8222;\u017bywe Laboratoria&#8221; (Living Labs) s\u0105 coraz lepiej ugruntowanym podej\u015bciem do wspierania innowacji poprzez wsp\u00f3\u0142prac\u0119 i wsp\u00f3\u0142tworzenie. W przeciwie\u0144stwie do tradycyjnego laboratorium, \u017bywe Laboratorium funkcjonuje w rzeczywistym kontek\u015bcie i koncentruje si\u0119 na zaspokajaniu rzeczywistych potrzeb os\u00f3b, kt\u00f3re w nim uczestnicz\u0105. \u017bywe Laboratoria s\u0105 bardzo dobre do rozwi\u0105zywania z\u0142o\u017conych wyzwa\u0144, kt\u00f3re s\u0105 bardzo trudne do rozwi\u0105zania dla &hellip; <a href=\"https:\/\/www.agrilink2020.eu\/pl\/pakiety-robocze\/pakiet-roboczy-3-zywe-laboratoria\">Continued<\/a><\/p>\n","protected":false},"author":1,"featured_media":0,"parent":4863,"menu_order":0,"comment_status":"closed","ping_status":"closed","template":"views\/template-child.blade.php","meta":[],"_links":{"self":[{"href":"https:\/\/www.agrilink2020.eu\/pl\/wp-json\/wp\/v2\/pages\/5570"}],"collection":[{"href":"https:\/\/www.agrilink2020.eu\/pl\/wp-json\/wp\/v2\/pages"}],"about":[{"href":"https:\/\/www.agrilink2020.eu\/pl\/wp-json\/wp\/v2\/types\/page"}],"author":[{"embeddable":true,"href":"https:\/\/www.agrilink2020.eu\/pl\/wp-json\/wp\/v2\/users\/1"}],"replies":[{"embeddable":true,"href":"https:\/\/www.agrilink2020.eu\/pl\/wp-json\/wp\/v2\/comments?post=5570"}],"version-history":[{"count":3,"href":"https:\/\/www.agrilink2020.eu\/pl\/wp-json\/wp\/v2\/pages\/5570\/revisions"}],"predecessor-version":[{"id":5588,"href":"https:\/\/www.agrilink2020.eu\/pl\/wp-json\/wp\/v2\/pages\/5570\/revisions\/5588"}],"up":[{"embeddable":true,"href":"https:\/\/www.agrilink2020.eu\/pl\/wp-json\/wp\/v2\/pages\/4863"}],"wp:attachment":[{"href":"https:\/\/www.agrilink2020.eu\/pl\/wp-json\/wp\/v2\/media?parent=5570"}],"curies":[{"name":"wp","href":"https:\/\/api.w.org\/{rel}","templated":true}]}}