{"id":5574,"date":"2021-06-29T10:59:49","date_gmt":"2021-06-29T10:59:49","guid":{"rendered":"https:\/\/legacy.agrilink2020.eu\/work-packages\/pakiet-roboczy-5-analiza-i-zalecenia"},"modified":"2022-04-09T12:07:31","modified_gmt":"2022-04-09T12:07:31","slug":"pakiet-roboczy-5-analiza-i-zalecenia","status":"publish","type":"page","link":"https:\/\/www.agrilink2020.eu\/pl\/pakiety-robocze\/pakiet-roboczy-5-analiza-i-zalecenia","title":{"rendered":"Pakiet roboczy 5 (Analiza i zalecenia)"},"content":{"rendered":"\n<p>W ramach projektu AgriLink uzyskano wiele wynik\u00f3w bada\u0144 (w tym danych ilo\u015bciowych i jako\u015bciowych), zw\u0142aszcza z pakiet\u00f3w roboczych 2, 3 i 4. Zadaniem tego pakietu roboczego by\u0142o zintegrowanie i przeanalizowanie wszystkich tych wynik\u00f3w bada\u0144 w celu zidentyfikowania kluczowych wniosk\u00f3w wyci\u0105gni\u0119tych w trakcie projektu, a nast\u0119pnie sformu\u0142owanie zalece\u0144 dotycz\u0105cych polityki w oparciu o te wnioski.  <\/p>\n\n\n\n<p>Dla tej pracy opracowano specjaln\u0105 metodologi\u0119, kt\u00f3ra obejmowa\u0142a zar\u00f3wno prac\u0119 na podstawie dokument\u00f3w, jak i seri\u0119 interaktywnych warsztat\u00f3w z rolnikami i doradcami we wszystkich krajach partnerskich.<\/p>\n\n\n\n<p>Ostateczne zalecenia zosta\u0142y osadzone w kontek\u015bcie przygotowa\u0144 do Wsp\u00f3lnej Polityki Rolnej (WPR) na lata 2023-2027 oraz potrzeby, aby us\u0142ugi doradztwa rolniczego odgrywa\u0142y znacznie wi\u0119ksz\u0105 rol\u0119 we wspieraniu przej\u015bcia na bardziej zr\u00f3wnowa\u017cone i inteligentne pod wzgl\u0119dem klimatu rolnictwo. Ko\u0144cowe produkty tego pakietu roboczego obejmowa\u0142y:<\/p>\n\n\n\n<ul><li>Dobre przyk\u0142ady i najlepsze praktyki dla dobrze po\u0142\u0105czonych i skutecznych system\u00f3w doradztwa rolniczego<\/li><li>Zalecenia dotycz\u0105ce poprawy wydajno\u015bci i skuteczno\u015bci us\u0142ug doradczych<\/li><li>Sugestie dotycz\u0105ce ulepszonych modeli zarz\u0105dzania i powi\u0105zanych mechanizm\u00f3w polityki publicznej<\/li><\/ul>\n\n\n\n<hr class=\"wp-block-separator\"\/>\n\n\n\n<p>Dowiedz si\u0119 wi\u0119cej <a href=\"https:\/\/www.agrilink2020.eu\/wp-content\/uploads\/2022\/01\/AgriLink.Policy.recommendations.report_Deliverable_26.pdf\" target=\"_blank\" rel=\"noreferrer noopener\">tutaj.<\/a><\/p>\n\n\n\n<hr class=\"wp-block-separator\"\/>\n","protected":false},"excerpt":{"rendered":"<p>W ramach projektu AgriLink uzyskano wiele wynik\u00f3w bada\u0144 (w tym danych ilo\u015bciowych i jako\u015bciowych), zw\u0142aszcza z pakiet\u00f3w roboczych 2, 3 i 4. Zadaniem tego pakietu roboczego by\u0142o zintegrowanie i przeanalizowanie wszystkich tych wynik\u00f3w bada\u0144 w celu zidentyfikowania kluczowych wniosk\u00f3w wyci\u0105gni\u0119tych w trakcie projektu, a nast\u0119pnie sformu\u0142owanie zalece\u0144 dotycz\u0105cych polityki w oparciu o te wnioski. Dla &hellip; <a href=\"https:\/\/www.agrilink2020.eu\/pl\/pakiety-robocze\/pakiet-roboczy-5-analiza-i-zalecenia\">Continued<\/a><\/p>\n","protected":false},"author":1,"featured_media":0,"parent":4863,"menu_order":0,"comment_status":"closed","ping_status":"closed","template":"views\/template-child.blade.php","meta":[],"_links":{"self":[{"href":"https:\/\/www.agrilink2020.eu\/pl\/wp-json\/wp\/v2\/pages\/5574"}],"collection":[{"href":"https:\/\/www.agrilink2020.eu\/pl\/wp-json\/wp\/v2\/pages"}],"about":[{"href":"https:\/\/www.agrilink2020.eu\/pl\/wp-json\/wp\/v2\/types\/page"}],"author":[{"embeddable":true,"href":"https:\/\/www.agrilink2020.eu\/pl\/wp-json\/wp\/v2\/users\/1"}],"replies":[{"embeddable":true,"href":"https:\/\/www.agrilink2020.eu\/pl\/wp-json\/wp\/v2\/comments?post=5574"}],"version-history":[{"count":3,"href":"https:\/\/www.agrilink2020.eu\/pl\/wp-json\/wp\/v2\/pages\/5574\/revisions"}],"predecessor-version":[{"id":5592,"href":"https:\/\/www.agrilink2020.eu\/pl\/wp-json\/wp\/v2\/pages\/5574\/revisions\/5592"}],"up":[{"embeddable":true,"href":"https:\/\/www.agrilink2020.eu\/pl\/wp-json\/wp\/v2\/pages\/4863"}],"wp:attachment":[{"href":"https:\/\/www.agrilink2020.eu\/pl\/wp-json\/wp\/v2\/media?parent=5574"}],"curies":[{"name":"wp","href":"https:\/\/api.w.org\/{rel}","templated":true}]}}