{"id":5578,"date":"2021-06-29T11:01:02","date_gmt":"2021-06-29T11:01:02","guid":{"rendered":"https:\/\/legacy.agrilink2020.eu\/work-packages\/pakiet-roboczy-7-zarzadzanie-projektem"},"modified":"2022-04-09T12:40:09","modified_gmt":"2022-04-09T12:40:09","slug":"pakiet-roboczy-7-zarzadzanie-projektem","status":"publish","type":"page","link":"https:\/\/www.agrilink2020.eu\/pl\/pakiety-robocze\/pakiet-roboczy-7-zarzadzanie-projektem","title":{"rendered":"Pakiet roboczy 7 (Zarz\u0105dzanie projektem)"},"content":{"rendered":"\n<p>AgriLink by\u0142 ambitnym, wielopodmiotowym projektem, w kt\u00f3rym przyj\u0119to odwa\u017cne i nowatorskie podej\u015bcie do bada\u0144 i innowacji. Rozmiar i z\u0142o\u017cono\u015b\u0107 projektu wymaga\u0142y zatem jasnej i skutecznej struktury zarz\u0105dzania w celu zapewnienia sprawnego przebiegu i optymalnej konfiguracji dzia\u0142a\u0144 w ramach projektu. <\/p>\n\n<div style=\"height:1px\" aria-hidden=\"true\" class=\"wp-block-spacer\"><\/div>\n\n<div style=\"height:1px\" aria-hidden=\"true\" class=\"wp-block-spacer\"><\/div>\n","protected":false},"excerpt":{"rendered":"<p>AgriLink by\u0142 ambitnym, wielopodmiotowym projektem, w kt\u00f3rym przyj\u0119to odwa\u017cne i nowatorskie podej\u015bcie do bada\u0144 i innowacji. Rozmiar i z\u0142o\u017cono\u015b\u0107 projektu wymaga\u0142y zatem jasnej i skutecznej struktury zarz\u0105dzania w celu zapewnienia sprawnego przebiegu i optymalnej konfiguracji dzia\u0142a\u0144 w ramach projektu.<\/p>\n","protected":false},"author":1,"featured_media":0,"parent":4863,"menu_order":0,"comment_status":"closed","ping_status":"closed","template":"views\/template-child.blade.php","meta":[],"_links":{"self":[{"href":"https:\/\/www.agrilink2020.eu\/pl\/wp-json\/wp\/v2\/pages\/5578"}],"collection":[{"href":"https:\/\/www.agrilink2020.eu\/pl\/wp-json\/wp\/v2\/pages"}],"about":[{"href":"https:\/\/www.agrilink2020.eu\/pl\/wp-json\/wp\/v2\/types\/page"}],"author":[{"embeddable":true,"href":"https:\/\/www.agrilink2020.eu\/pl\/wp-json\/wp\/v2\/users\/1"}],"replies":[{"embeddable":true,"href":"https:\/\/www.agrilink2020.eu\/pl\/wp-json\/wp\/v2\/comments?post=5578"}],"version-history":[{"count":4,"href":"https:\/\/www.agrilink2020.eu\/pl\/wp-json\/wp\/v2\/pages\/5578\/revisions"}],"predecessor-version":[{"id":5624,"href":"https:\/\/www.agrilink2020.eu\/pl\/wp-json\/wp\/v2\/pages\/5578\/revisions\/5624"}],"up":[{"embeddable":true,"href":"https:\/\/www.agrilink2020.eu\/pl\/wp-json\/wp\/v2\/pages\/4863"}],"wp:attachment":[{"href":"https:\/\/www.agrilink2020.eu\/pl\/wp-json\/wp\/v2\/media?parent=5578"}],"curies":[{"name":"wp","href":"https:\/\/api.w.org\/{rel}","templated":true}]}}