{"id":5606,"date":"2021-06-29T10:57:17","date_gmt":"2021-06-29T10:57:17","guid":{"rendered":"https:\/\/legacy.agrilink2020.eu\/pacotes-de-trabalho\/pacote-de-trabalho-2-estudos-de-casos-de-inovacao"},"modified":"2022-04-09T12:44:38","modified_gmt":"2022-04-09T12:44:38","slug":"pacote-de-trabalho-2-estudos-de-casos-de-inovacao","status":"publish","type":"page","link":"https:\/\/www.agrilink2020.eu\/pt-pt\/pacotes-de-trabalho\/pacote-de-trabalho-2-estudos-de-casos-de-inovacao","title":{"rendered":"Pacote de trabalho 2 (Estudos de casos de inova\u00e7\u00e3o)"},"content":{"rendered":"\n<p>Este pacote de trabalho desenvolveu uma compreens\u00e3o abrangente do mesmo: <\/p>\n\n\n\n<ol><li>O sistema de conhecimento pessoal (o chamado &#8216;microAKIS&#8217;) que os agricultores constroem \/ re\u00fanem para si pr\u00f3prios, incluindo a gama de indiv\u00edduos, organiza\u00e7\u00f5es e redes a partir das quais procuram servi\u00e7os e trocam conhecimentos com, e;<\/li><li>Os processos de tomada de decis\u00e3o associados \u00e0 aceita\u00e7\u00e3o (ou n\u00e3o!) da inova\u00e7\u00e3o pelos agricultores e o impacto dos servi\u00e7os de aconselhamento agr\u00edcola sobre estas decis\u00f5es.<\/li><\/ol>\n\n\n\n<p>Este entendimento foi desenvolvido utilizando estudos de caso e entrevistas aprofundadas com agricultores e consultores em 32 &#8216;regi\u00f5es de foco&#8217; em toda a Europa (ver mapa abaixo) e em rela\u00e7\u00e3o a 9 \u00e1reas principais de inova\u00e7\u00e3o agr\u00edcola:<\/p>\n\n\n\n<ul><li>Ve\u00edculos aut\u00f3nomos, robots, drones, sensores inteligentes e agricultura de precis\u00e3o<\/li><li>Controlo de pragas biol\u00f3gicas<\/li><li>Melhoria do solo <\/li><li>Retro-inova\u00e7\u00e3o (recria\u00e7\u00e3o, re-inven\u00e7\u00e3o e reintrodu\u00e7\u00e3o de produtos \/ culturas tradicionais)<\/li><li>Introdu\u00e7\u00e3o de novas culturas&#8221; (leguminosas, super-alimentares, sementes aquecidas, etc.)<\/li><li>Desenvolver novas actividades&#8221; (recrea\u00e7\u00e3o, cuidados de sa\u00fade, recursos selvagens, energias renov\u00e1veis, etc.)<\/li><li>Marketing directo e produtos locais<\/li><li>Gest\u00e3o comum dos recursos naturais (\u00e1gua, pastoreio, floresta, etc.)<\/li><li>Acordos laborais inovadores<\/li><\/ul>\n\n\n\n<hr class=\"wp-block-separator\"\/>\n\n\n\n<p>O relat\u00f3rio final sobre este pacote de trabalho pode ser descarregado <a rel=\"noreferrer noopener\" href=\"http:\/\/www.agrilink2020.eu\/wp-content\/uploads\/2019\/01\/AgriLink_Synthesis-Report-of-WP2.Small_.pdf\" target=\"_blank\">aqui<\/a>.<\/p>\n\n\n\n<hr class=\"wp-block-separator\"\/>\n\n\n\n<p>Veja o v\u00eddeo explicativo no YouTube:<\/p>\n\n\n\n<figure class=\"wp-block-embed is-type-video is-provider-youtube wp-block-embed-youtube wp-embed-aspect-16-9 wp-has-aspect-ratio\"><div class=\"wp-block-embed__wrapper\">\n<iframe loading=\"lazy\" title=\"AgriLink: Regional innovation case-studies across Europe (Work package 2)\" width=\"500\" height=\"281\" src=\"https:\/\/www.youtube.com\/embed\/JOFp0Kl3W-I?start=2&#038;feature=oembed\" frameborder=\"0\" allow=\"accelerometer; autoplay; clipboard-write; encrypted-media; gyroscope; picture-in-picture\" allowfullscreen><\/iframe>\n<\/div><\/figure>\n","protected":false},"excerpt":{"rendered":"<p>Este pacote de trabalho desenvolveu uma compreens\u00e3o abrangente do mesmo: O sistema de conhecimento pessoal (o chamado &#8216;microAKIS&#8217;) que os agricultores constroem \/ re\u00fanem para si pr\u00f3prios, incluindo a gama de indiv\u00edduos, organiza\u00e7\u00f5es e redes a partir das quais procuram servi\u00e7os e trocam conhecimentos com, e; Os processos de tomada de decis\u00e3o associados \u00e0 aceita\u00e7\u00e3o &hellip; <a href=\"https:\/\/www.agrilink2020.eu\/pt-pt\/pacotes-de-trabalho\/pacote-de-trabalho-2-estudos-de-casos-de-inovacao\">Continued<\/a><\/p>\n","protected":false},"author":1,"featured_media":0,"parent":5424,"menu_order":0,"comment_status":"closed","ping_status":"closed","template":"views\/template-child.blade.php","meta":[],"_links":{"self":[{"href":"https:\/\/www.agrilink2020.eu\/pt-pt\/wp-json\/wp\/v2\/pages\/5606"}],"collection":[{"href":"https:\/\/www.agrilink2020.eu\/pt-pt\/wp-json\/wp\/v2\/pages"}],"about":[{"href":"https:\/\/www.agrilink2020.eu\/pt-pt\/wp-json\/wp\/v2\/types\/page"}],"author":[{"embeddable":true,"href":"https:\/\/www.agrilink2020.eu\/pt-pt\/wp-json\/wp\/v2\/users\/1"}],"replies":[{"embeddable":true,"href":"https:\/\/www.agrilink2020.eu\/pt-pt\/wp-json\/wp\/v2\/comments?post=5606"}],"version-history":[{"count":3,"href":"https:\/\/www.agrilink2020.eu\/pt-pt\/wp-json\/wp\/v2\/pages\/5606\/revisions"}],"predecessor-version":[{"id":5631,"href":"https:\/\/www.agrilink2020.eu\/pt-pt\/wp-json\/wp\/v2\/pages\/5606\/revisions\/5631"}],"up":[{"embeddable":true,"href":"https:\/\/www.agrilink2020.eu\/pt-pt\/wp-json\/wp\/v2\/pages\/5424"}],"wp:attachment":[{"href":"https:\/\/www.agrilink2020.eu\/pt-pt\/wp-json\/wp\/v2\/media?parent=5606"}],"curies":[{"name":"wp","href":"https:\/\/api.w.org\/{rel}","templated":true}]}}