{"id":5608,"date":"2021-06-29T10:58:49","date_gmt":"2021-06-29T10:58:49","guid":{"rendered":"https:\/\/legacy.agrilink2020.eu\/pacotes-de-trabalho\/pacote-de-trabalho-3-laboratorios-vivos"},"modified":"2022-04-09T12:45:25","modified_gmt":"2022-04-09T12:45:25","slug":"pacote-de-trabalho-3-laboratorios-vivos","status":"publish","type":"page","link":"https:\/\/www.agrilink2020.eu\/pt-pt\/pacotes-de-trabalho\/pacote-de-trabalho-3-laboratorios-vivos","title":{"rendered":"Pacote de Trabalho 3 (Laborat\u00f3rios Vivos)"},"content":{"rendered":"\n<p>Os &#8216;Living Laboratories&#8217; (Laborat\u00f3rios Vivos) s\u00e3o uma abordagem cada vez mais bem estabelecida para fomentar a inova\u00e7\u00e3o atrav\u00e9s da colabora\u00e7\u00e3o e da co-cria\u00e7\u00e3o. Em contraste com um laborat\u00f3rio tradicional, um Living Lab funciona num contexto da vida real e est\u00e1 centrado na resposta \u00e0s necessidades reais das pessoas que nele participam. Os Living Labs s\u00e3o muito bons para resolver desafios complexos que s\u00e3o muito dif\u00edceis de resolver por uma \u00fanica pessoa.  <\/p>\n\n\n\n<p>Este Pacote de Trabalho utilizou a metodologia do Living Lab para desenvolver e testar novas e melhoradas ferramentas e servi\u00e7os de aconselhamento agr\u00edcola em seis circunst\u00e2ncias contrastantes na Noruega, Let\u00f3nia, Rom\u00e9nia, Espanha, It\u00e1lia e Pa\u00edses Baixos \/ B\u00e9lgica. Os parceiros do projecto foram formados para acolher, facilitar e monitorizar o Living Lab nestes pa\u00edses.  Cada um dos 6 Laborat\u00f3rios Vivos era \u00fanico em rela\u00e7\u00e3o \u00e0s caracter\u00edsticas e din\u00e2micas espec\u00edficas do seu contexto local e nacional. <\/p>\n\n\n\n<hr class=\"wp-block-separator\"\/>\n\n\n\n<p>Saiba mais <a href=\"https:\/\/www.agrilink2020.eu\/work-package\/wp3-living-labs-for-innovation-support-services\/\" target=\"_blank\" rel=\"noreferrer noopener\">aqui.<\/a><\/p>\n\n\n\n<hr class=\"wp-block-separator\"\/>\n\n\n\n<p>Veja o v\u00eddeo explicativo no YouTube:<\/p>\n\n\n\n<figure class=\"wp-block-embed is-type-video is-provider-youtube wp-block-embed-youtube wp-embed-aspect-16-9 wp-has-aspect-ratio\"><div class=\"wp-block-embed__wrapper\">\n<iframe loading=\"lazy\" title=\"AgriLink Living Lab presentation - Work Package 3\" width=\"500\" height=\"281\" src=\"https:\/\/www.youtube.com\/embed\/JqC9ErkFbyI?start=6&#038;feature=oembed\" frameborder=\"0\" allow=\"accelerometer; autoplay; clipboard-write; encrypted-media; gyroscope; picture-in-picture\" allowfullscreen><\/iframe>\n<\/div><\/figure>\n","protected":false},"excerpt":{"rendered":"<p>Os &#8216;Living Laboratories&#8217; (Laborat\u00f3rios Vivos) s\u00e3o uma abordagem cada vez mais bem estabelecida para fomentar a inova\u00e7\u00e3o atrav\u00e9s da colabora\u00e7\u00e3o e da co-cria\u00e7\u00e3o. Em contraste com um laborat\u00f3rio tradicional, um Living Lab funciona num contexto da vida real e est\u00e1 centrado na resposta \u00e0s necessidades reais das pessoas que nele participam. Os Living Labs s\u00e3o &hellip; <a href=\"https:\/\/www.agrilink2020.eu\/pt-pt\/pacotes-de-trabalho\/pacote-de-trabalho-3-laboratorios-vivos\">Continued<\/a><\/p>\n","protected":false},"author":1,"featured_media":0,"parent":5424,"menu_order":0,"comment_status":"closed","ping_status":"closed","template":"views\/template-child.blade.php","meta":[],"_links":{"self":[{"href":"https:\/\/www.agrilink2020.eu\/pt-pt\/wp-json\/wp\/v2\/pages\/5608"}],"collection":[{"href":"https:\/\/www.agrilink2020.eu\/pt-pt\/wp-json\/wp\/v2\/pages"}],"about":[{"href":"https:\/\/www.agrilink2020.eu\/pt-pt\/wp-json\/wp\/v2\/types\/page"}],"author":[{"embeddable":true,"href":"https:\/\/www.agrilink2020.eu\/pt-pt\/wp-json\/wp\/v2\/users\/1"}],"replies":[{"embeddable":true,"href":"https:\/\/www.agrilink2020.eu\/pt-pt\/wp-json\/wp\/v2\/comments?post=5608"}],"version-history":[{"count":3,"href":"https:\/\/www.agrilink2020.eu\/pt-pt\/wp-json\/wp\/v2\/pages\/5608\/revisions"}],"predecessor-version":[{"id":5633,"href":"https:\/\/www.agrilink2020.eu\/pt-pt\/wp-json\/wp\/v2\/pages\/5608\/revisions\/5633"}],"up":[{"embeddable":true,"href":"https:\/\/www.agrilink2020.eu\/pt-pt\/wp-json\/wp\/v2\/pages\/5424"}],"wp:attachment":[{"href":"https:\/\/www.agrilink2020.eu\/pt-pt\/wp-json\/wp\/v2\/media?parent=5608"}],"curies":[{"name":"wp","href":"https:\/\/api.w.org\/{rel}","templated":true}]}}