{"id":5610,"date":"2021-06-29T10:59:22","date_gmt":"2021-06-29T10:59:22","guid":{"rendered":"https:\/\/legacy.agrilink2020.eu\/pacotes-de-trabalho\/pacote-de-trabalho-4-eu-fas-e-a-governacao-do-aconselhamento-nacional"},"modified":"2022-04-09T12:46:21","modified_gmt":"2022-04-09T12:46:21","slug":"pacote-de-trabalho-4-eu-fas-e-a-governacao-do-aconselhamento-nacional","status":"publish","type":"page","link":"https:\/\/www.agrilink2020.eu\/pt-pt\/pacotes-de-trabalho\/pacote-de-trabalho-4-eu-fas-e-a-governacao-do-aconselhamento-nacional","title":{"rendered":"Pacote de Trabalho 4 (EU-FAS e a governa\u00e7\u00e3o do aconselhamento nacional)"},"content":{"rendered":"\n<p>Um dos objectivos espec\u00edficos do projecto AgriLink era examinar de perto a forma como os sistemas de aconselhamento agr\u00edcola s\u00e3o governados a n\u00edvel nacional \/ regional. A equipa do projecto estava especialmente interessada em compreender se as diferentes abordagens observadas nos diferentes pa\u00edses t\u00eam impacto na efic\u00e1cia dos sistemas de aconselhamento nacionais \/ regionais e no acesso que os agricultores t\u00eam \u00e0 informa\u00e7\u00e3o e aos servi\u00e7os. <\/p>\n\n\n\n<p>O trabalho realizado incluiu uma an\u00e1lise detalhada da implementa\u00e7\u00e3o do regulamento da UE sobre os Regimes Consultivos Agr\u00edcolas em 13 pa\u00edses e uma an\u00e1lise aprofundada da governa\u00e7\u00e3o dos sistemas de aconselhamento agr\u00edcola em 7 pa\u00edses.<\/p>\n\n\n\n<hr class=\"wp-block-separator\"\/>\n\n\n\n<p>Saiba mais <a href=\"https:\/\/www.agrilink2020.eu\/wp-content\/uploads\/2020\/09\/D4.1-AgriLink-EUFAS-assesment_without_annexes.pdf\" target=\"_blank\" rel=\"noreferrer noopener\">aqui.<\/a><\/p>\n\n\n\n<hr class=\"wp-block-separator\"\/>\n\n\n\n<figure class=\"wp-block-table\"><table><tbody><tr><td><\/td><td>Veja o v\u00eddeo explicativo no YouTube:<\/td><\/tr><\/tbody><\/table><\/figure>\n\n\n\n<figure class=\"wp-block-embed is-type-video is-provider-youtube wp-block-embed-youtube wp-embed-aspect-16-9 wp-has-aspect-ratio\"><div class=\"wp-block-embed__wrapper\">\n  <iframe loading=\"lazy\" title=\"AgriLink: Understanding farm advisory regimes  (Work package 4)\" width=\"500\" height=\"281\" src=\"https:\/\/www.youtube.com\/embed\/DqrUWvNAnNY?start=25&#038;feature=oembed\" frameborder=\"0\" allow=\"accelerometer; autoplay; clipboard-write; encrypted-media; gyroscope; picture-in-picture\" allowfullscreen><\/iframe>\n<\/div><\/figure>\n","protected":false},"excerpt":{"rendered":"<p>Um dos objectivos espec\u00edficos do projecto AgriLink era examinar de perto a forma como os sistemas de aconselhamento agr\u00edcola s\u00e3o governados a n\u00edvel nacional \/ regional. A equipa do projecto estava especialmente interessada em compreender se as diferentes abordagens observadas nos diferentes pa\u00edses t\u00eam impacto na efic\u00e1cia dos sistemas de aconselhamento nacionais \/ regionais e &hellip; <a href=\"https:\/\/www.agrilink2020.eu\/pt-pt\/pacotes-de-trabalho\/pacote-de-trabalho-4-eu-fas-e-a-governacao-do-aconselhamento-nacional\">Continued<\/a><\/p>\n","protected":false},"author":1,"featured_media":0,"parent":5424,"menu_order":0,"comment_status":"closed","ping_status":"closed","template":"views\/template-child.blade.php","meta":[],"_links":{"self":[{"href":"https:\/\/www.agrilink2020.eu\/pt-pt\/wp-json\/wp\/v2\/pages\/5610"}],"collection":[{"href":"https:\/\/www.agrilink2020.eu\/pt-pt\/wp-json\/wp\/v2\/pages"}],"about":[{"href":"https:\/\/www.agrilink2020.eu\/pt-pt\/wp-json\/wp\/v2\/types\/page"}],"author":[{"embeddable":true,"href":"https:\/\/www.agrilink2020.eu\/pt-pt\/wp-json\/wp\/v2\/users\/1"}],"replies":[{"embeddable":true,"href":"https:\/\/www.agrilink2020.eu\/pt-pt\/wp-json\/wp\/v2\/comments?post=5610"}],"version-history":[{"count":3,"href":"https:\/\/www.agrilink2020.eu\/pt-pt\/wp-json\/wp\/v2\/pages\/5610\/revisions"}],"predecessor-version":[{"id":5635,"href":"https:\/\/www.agrilink2020.eu\/pt-pt\/wp-json\/wp\/v2\/pages\/5610\/revisions\/5635"}],"up":[{"embeddable":true,"href":"https:\/\/www.agrilink2020.eu\/pt-pt\/wp-json\/wp\/v2\/pages\/5424"}],"wp:attachment":[{"href":"https:\/\/www.agrilink2020.eu\/pt-pt\/wp-json\/wp\/v2\/media?parent=5610"}],"curies":[{"name":"wp","href":"https:\/\/api.w.org\/{rel}","templated":true}]}}