{"id":5618,"date":"2021-06-29T11:01:02","date_gmt":"2021-06-29T11:01:02","guid":{"rendered":"https:\/\/legacy.agrilink2020.eu\/pacotes-de-trabalho\/pacote-de-trabalho-7-gestao-de-projectos"},"modified":"2022-04-09T12:49:02","modified_gmt":"2022-04-09T12:49:02","slug":"pacote-de-trabalho-7-gestao-de-projectos","status":"publish","type":"page","link":"https:\/\/www.agrilink2020.eu\/pt-pt\/pacotes-de-trabalho\/pacote-de-trabalho-7-gestao-de-projectos","title":{"rendered":"Pacote de Trabalho 7 (Gest\u00e3o de Projectos)"},"content":{"rendered":"\n<p>AgriLink foi um ambicioso projecto multi-actores que adoptou uma abordagem arrojada e vanguardista \u00e0 investiga\u00e7\u00e3o e inova\u00e7\u00e3o. A dimens\u00e3o e complexidade do projecto exigia, portanto, uma estrutura de gest\u00e3o clara e eficaz para assegurar o bom funcionamento e a optimiza\u00e7\u00e3o das actividades do projecto. <\/p>\n\n\n\n<div style=\"height:1px\" aria-hidden=\"true\" class=\"wp-block-spacer\"><\/div>\n\n\n\n<div style=\"height:1px\" aria-hidden=\"true\" class=\"wp-block-spacer\"><\/div>\n","protected":false},"excerpt":{"rendered":"<p>AgriLink foi um ambicioso projecto multi-actores que adoptou uma abordagem arrojada e vanguardista \u00e0 investiga\u00e7\u00e3o e inova\u00e7\u00e3o. A dimens\u00e3o e complexidade do projecto exigia, portanto, uma estrutura de gest\u00e3o clara e eficaz para assegurar o bom funcionamento e a optimiza\u00e7\u00e3o das actividades do projecto.<\/p>\n","protected":false},"author":1,"featured_media":0,"parent":5424,"menu_order":0,"comment_status":"closed","ping_status":"closed","template":"views\/template-child.blade.php","meta":[],"_links":{"self":[{"href":"https:\/\/www.agrilink2020.eu\/pt-pt\/wp-json\/wp\/v2\/pages\/5618"}],"collection":[{"href":"https:\/\/www.agrilink2020.eu\/pt-pt\/wp-json\/wp\/v2\/pages"}],"about":[{"href":"https:\/\/www.agrilink2020.eu\/pt-pt\/wp-json\/wp\/v2\/types\/page"}],"author":[{"embeddable":true,"href":"https:\/\/www.agrilink2020.eu\/pt-pt\/wp-json\/wp\/v2\/users\/1"}],"replies":[{"embeddable":true,"href":"https:\/\/www.agrilink2020.eu\/pt-pt\/wp-json\/wp\/v2\/comments?post=5618"}],"version-history":[{"count":3,"href":"https:\/\/www.agrilink2020.eu\/pt-pt\/wp-json\/wp\/v2\/pages\/5618\/revisions"}],"predecessor-version":[{"id":5641,"href":"https:\/\/www.agrilink2020.eu\/pt-pt\/wp-json\/wp\/v2\/pages\/5618\/revisions\/5641"}],"up":[{"embeddable":true,"href":"https:\/\/www.agrilink2020.eu\/pt-pt\/wp-json\/wp\/v2\/pages\/5424"}],"wp:attachment":[{"href":"https:\/\/www.agrilink2020.eu\/pt-pt\/wp-json\/wp\/v2\/media?parent=5618"}],"curies":[{"name":"wp","href":"https:\/\/api.w.org\/{rel}","templated":true}]}}