{"id":5650,"date":"2021-06-29T10:57:17","date_gmt":"2021-06-29T10:57:17","guid":{"rendered":"https:\/\/legacy.agrilink2020.eu\/work-packages\/pachetul-de-lucru-2-studii-de-caz-despre-inovare"},"modified":"2022-04-09T13:14:07","modified_gmt":"2022-04-09T13:14:07","slug":"pachetul-de-lucru-2-studii-de-caz-despre-inovare","status":"publish","type":"page","link":"https:\/\/www.agrilink2020.eu\/ro\/pachete-de-lucru\/pachetul-de-lucru-2-studii-de-caz-despre-inovare","title":{"rendered":"Pachetul de lucru 2 (Studii de caz despre inovare)"},"content":{"rendered":"\n<p>Acest pachet de lucru a dezvoltat o \u00een\u021belegere cuprinz\u0103toare a: <\/p>\n\n\n\n<ol><li>Sistemului personal de cuno\u0219tin\u021be (a\u0219a-numitul &#8222;microAKIS&#8221;) pe care agricultorii \u00eel construiesc\/\u00eel asambleaz\u0103 pentru ei \u00een\u0219i\u0219i, inclusiv ansamblul de persoane, organiza\u021bii \u0219i re\u021bele de la care ace\u0219tia solicit\u0103 servicii \u0219i cu care fac schimb de cuno\u0219tin\u021be, \u0219i;<\/li><li>Procesele decizionale asociate cu adoptarea (sau neadoptarea) inova\u021biei de c\u0103tre fermieri \u0219i impactul serviciilor de consiliere agricol\u0103 asupra acestor decizii.<\/li><\/ol>\n\n\n\n<p>Aceast\u0103 \u00een\u021belegere s-a dezvoltat cu ajutorul unor studii de caz \u0219i interviuri aprofundate cu fermieri \u0219i consilieri din 32 de \u201eregiuni de interes&#8221; din Europa (a se vedea harta de mai jos) \u0219i \u00een leg\u0103tur\u0103 cu 9 domenii majore de inovare agricol\u0103:<\/p>\n\n\n\n<ul><li>Vehicule autonome, robo\u021bi, drone, senzori inteligen\u021bi \u0219i agricultur\u0103 de precizie.<\/li><li>Controlul biologic al d\u0103un\u0103torilor<\/li><li>\u00cembun\u0103t\u0103\u021birea solurilor <\/li><li>Retro-inovarea (recrearea, reinventarea \u0219i reintroducerea de produse \/ culturi tradi\u021bionale)<\/li><li>Introducerea de noi culturi (leguminoase, super-alimente, semin\u021be s\u0103n\u0103toase etc.)<\/li><li>Dezvoltarea de noi activit\u0103\u021bi (recreere, s\u0103n\u0103tate, resurse s\u0103lbatice, energie regenerabil\u0103 etc.)<\/li><li>Marketingul direct \u0219i produsele locale<\/li><li>Gestionarea \u00een comun a resurselor naturale (ap\u0103, p\u0103\u0219uni, p\u0103duri etc.)<\/li><li>Forme de munc\u0103 inovatoare<\/li><\/ul>\n\n\n\n<hr class=\"wp-block-separator\"\/>\n\n\n\n<p>Raportul final privind aceast\u0103 activitate poate fi desc\u0103rcat de <a rel=\"noreferrer noopener\" href=\"http:\/\/www.agrilink2020.eu\/wp-content\/uploads\/2019\/01\/AgriLink_Synthesis-Report-of-WP2.Small_.pdf\" target=\"_blank\">aici.<\/a><\/p>\n\n\n\n<hr class=\"wp-block-separator\"\/>\n\n\n\n<p>Urm\u0103ri\u021bi aici acest filmule\u021b explicativ de pe YouTube<\/p>\n\n\n\n<figure class=\"wp-block-embed is-type-video is-provider-youtube wp-block-embed-youtube wp-embed-aspect-16-9 wp-has-aspect-ratio\"><div class=\"wp-block-embed__wrapper\">\n<iframe loading=\"lazy\" title=\"AgriLink: Regional innovation case-studies across Europe (Work package 2)\" width=\"500\" height=\"281\" src=\"https:\/\/www.youtube.com\/embed\/JOFp0Kl3W-I?start=2&#038;feature=oembed\" frameborder=\"0\" allow=\"accelerometer; autoplay; clipboard-write; encrypted-media; gyroscope; picture-in-picture\" allowfullscreen><\/iframe>\n<\/div><\/figure>\n","protected":false},"excerpt":{"rendered":"<p>Acest pachet de lucru a dezvoltat o \u00een\u021belegere cuprinz\u0103toare a: Sistemului personal de cuno\u0219tin\u021be (a\u0219a-numitul &#8222;microAKIS&#8221;) pe care agricultorii \u00eel construiesc\/\u00eel asambleaz\u0103 pentru ei \u00een\u0219i\u0219i, inclusiv ansamblul de persoane, organiza\u021bii \u0219i re\u021bele de la care ace\u0219tia solicit\u0103 servicii \u0219i cu care fac schimb de cuno\u0219tin\u021be, \u0219i; Procesele decizionale asociate cu adoptarea (sau neadoptarea) inova\u021biei de &hellip; <a href=\"https:\/\/www.agrilink2020.eu\/ro\/pachete-de-lucru\/pachetul-de-lucru-2-studii-de-caz-despre-inovare\">Continued<\/a><\/p>\n","protected":false},"author":1,"featured_media":0,"parent":4845,"menu_order":0,"comment_status":"closed","ping_status":"closed","template":"views\/template-child.blade.php","meta":[],"_links":{"self":[{"href":"https:\/\/www.agrilink2020.eu\/ro\/wp-json\/wp\/v2\/pages\/5650"}],"collection":[{"href":"https:\/\/www.agrilink2020.eu\/ro\/wp-json\/wp\/v2\/pages"}],"about":[{"href":"https:\/\/www.agrilink2020.eu\/ro\/wp-json\/wp\/v2\/types\/page"}],"author":[{"embeddable":true,"href":"https:\/\/www.agrilink2020.eu\/ro\/wp-json\/wp\/v2\/users\/1"}],"replies":[{"embeddable":true,"href":"https:\/\/www.agrilink2020.eu\/ro\/wp-json\/wp\/v2\/comments?post=5650"}],"version-history":[{"count":3,"href":"https:\/\/www.agrilink2020.eu\/ro\/wp-json\/wp\/v2\/pages\/5650\/revisions"}],"predecessor-version":[{"id":5674,"href":"https:\/\/www.agrilink2020.eu\/ro\/wp-json\/wp\/v2\/pages\/5650\/revisions\/5674"}],"up":[{"embeddable":true,"href":"https:\/\/www.agrilink2020.eu\/ro\/wp-json\/wp\/v2\/pages\/4845"}],"wp:attachment":[{"href":"https:\/\/www.agrilink2020.eu\/ro\/wp-json\/wp\/v2\/media?parent=5650"}],"curies":[{"name":"wp","href":"https:\/\/api.w.org\/{rel}","templated":true}]}}