{"id":5652,"date":"2021-06-29T10:58:49","date_gmt":"2021-06-29T10:58:49","guid":{"rendered":"https:\/\/legacy.agrilink2020.eu\/work-packages\/pachet-de-lucru-3-laboratoare-vii"},"modified":"2022-04-09T13:16:12","modified_gmt":"2022-04-09T13:16:12","slug":"pachet-de-lucru-3-laboratoare-vii","status":"publish","type":"page","link":"https:\/\/www.agrilink2020.eu\/ro\/pachete-de-lucru\/pachet-de-lucru-3-laboratoare-vii","title":{"rendered":"Pachet de lucru 3 (Laboratoare vii)"},"content":{"rendered":"\n<p>\u201eLaboratoarele vii&#8221; (Living Labs) reprezint\u0103 o abordare din ce \u00een ce mai \u00eencet\u0103\u021benit\u0103 pentru stimularea inov\u0103rii prin colaborare \u0219i co-crea\u021bie. Spre deosebire de un laborator tradi\u021bional, un Living Lab func\u021bioneaz\u0103 \u00eentr-un context real \u0219i se concentreaz\u0103 pe abordarea nevoilor reale ale persoanelor care particip\u0103 la el. Laboratoarele vii sunt foarte bune pentru rezolvarea provoc\u0103rilor complexe care sunt foarte greu de rezolvat de c\u0103tre o singur\u0103 persoan\u0103.  <\/p>\n\n\n\n<p>Acest pachet de lucru a utilizat metodologia Living Lab pentru a dezvolta \u0219i testa instrumente \u0219i servicii de consiliere agricol\u0103 noi \u0219i \u00eembun\u0103t\u0103\u021bite \u00een \u0219ase circumstan\u021be contrastante din Norvegia, Letonia, Rom\u00e2nia, Spania, Italia \u0219i \u021a\u0103rile de Jos\/Belgia. Partenerii de proiect au fost instrui\u021bi s\u0103 g\u0103zduiasc\u0103, s\u0103 faciliteze \u0219i s\u0103 monitorizeze Laboratorul Viu \u00een aceste \u021b\u0103ri.  Fiecare dintre cele 6 Living Labs a fost unic \u00een func\u021bie de caracteristicile \u0219i dinamica specifice ale contextului s\u0103u local \u0219i na\u021bional. Afla\u021bi mai multe aici. <\/p>\n\n\n\n<hr class=\"wp-block-separator\"\/>\n\n\n\n<p>Afla\u021bi mai multe <a href=\"https:\/\/www.agrilink2020.eu\/work-package\/wp3-living-labs-for-innovation-support-services\/\" target=\"_blank\" rel=\"noreferrer noopener\">aici.<\/a><\/p>\n\n\n\n<hr class=\"wp-block-separator\"\/>\n\n\n\n<p>Urm\u0103ri\u021bi aici acest filmule\u021b explicativ de pe YouTube<\/p>\n\n\n\n<figure class=\"wp-block-embed is-type-video is-provider-youtube wp-block-embed-youtube wp-embed-aspect-16-9 wp-has-aspect-ratio\"><div class=\"wp-block-embed__wrapper\">\n<iframe loading=\"lazy\" title=\"AgriLink Living Lab presentation - Work Package 3\" width=\"500\" height=\"281\" src=\"https:\/\/www.youtube.com\/embed\/JqC9ErkFbyI?start=6&#038;feature=oembed\" frameborder=\"0\" allow=\"accelerometer; autoplay; clipboard-write; encrypted-media; gyroscope; picture-in-picture\" allowfullscreen><\/iframe>\n<\/div><\/figure>\n","protected":false},"excerpt":{"rendered":"<p>\u201eLaboratoarele vii&#8221; (Living Labs) reprezint\u0103 o abordare din ce \u00een ce mai \u00eencet\u0103\u021benit\u0103 pentru stimularea inov\u0103rii prin colaborare \u0219i co-crea\u021bie. Spre deosebire de un laborator tradi\u021bional, un Living Lab func\u021bioneaz\u0103 \u00eentr-un context real \u0219i se concentreaz\u0103 pe abordarea nevoilor reale ale persoanelor care particip\u0103 la el. Laboratoarele vii sunt foarte bune pentru rezolvarea provoc\u0103rilor complexe &hellip; <a href=\"https:\/\/www.agrilink2020.eu\/ro\/pachete-de-lucru\/pachet-de-lucru-3-laboratoare-vii\">Continued<\/a><\/p>\n","protected":false},"author":1,"featured_media":0,"parent":4845,"menu_order":0,"comment_status":"closed","ping_status":"closed","template":"views\/template-child.blade.php","meta":[],"_links":{"self":[{"href":"https:\/\/www.agrilink2020.eu\/ro\/wp-json\/wp\/v2\/pages\/5652"}],"collection":[{"href":"https:\/\/www.agrilink2020.eu\/ro\/wp-json\/wp\/v2\/pages"}],"about":[{"href":"https:\/\/www.agrilink2020.eu\/ro\/wp-json\/wp\/v2\/types\/page"}],"author":[{"embeddable":true,"href":"https:\/\/www.agrilink2020.eu\/ro\/wp-json\/wp\/v2\/users\/1"}],"replies":[{"embeddable":true,"href":"https:\/\/www.agrilink2020.eu\/ro\/wp-json\/wp\/v2\/comments?post=5652"}],"version-history":[{"count":3,"href":"https:\/\/www.agrilink2020.eu\/ro\/wp-json\/wp\/v2\/pages\/5652\/revisions"}],"predecessor-version":[{"id":5676,"href":"https:\/\/www.agrilink2020.eu\/ro\/wp-json\/wp\/v2\/pages\/5652\/revisions\/5676"}],"up":[{"embeddable":true,"href":"https:\/\/www.agrilink2020.eu\/ro\/wp-json\/wp\/v2\/pages\/4845"}],"wp:attachment":[{"href":"https:\/\/www.agrilink2020.eu\/ro\/wp-json\/wp\/v2\/media?parent=5652"}],"curies":[{"name":"wp","href":"https:\/\/api.w.org\/{rel}","templated":true}]}}