{"id":5656,"date":"2021-06-29T10:59:49","date_gmt":"2021-06-29T10:59:49","guid":{"rendered":"https:\/\/legacy.agrilink2020.eu\/work-packages\/pachetul-de-lucru-5-analize-si-recomandari"},"modified":"2022-04-09T13:19:04","modified_gmt":"2022-04-09T13:19:04","slug":"pachetul-de-lucru-5-analize-si-recomandari","status":"publish","type":"page","link":"https:\/\/www.agrilink2020.eu\/ro\/pachete-de-lucru\/pachetul-de-lucru-5-analize-si-recomandari","title":{"rendered":"Pachetul de lucru 5 (Analize \u0219i recomand\u0103ri)"},"content":{"rendered":"\n<p>Proiectul AgriLink a generat o mare cantitate de rezultate de cercetare (inclusiv date cantitative \u0219i calitative), \u00een special din pachetele de lucru 2, 3 \u0219i 4. Sarcina acestui pachet de lucru a fost de a integra \u0219i de a analiza toate aceste rezultate ale cercet\u0103rii pentru a identifica lec\u021biile cheie \u00eenv\u0103\u021bate \u00een timpul proiectului \u0219i apoi de a formula recomand\u0103ri de politici pe baza acestor lec\u021bii \u00eenv\u0103\u021bate.  <\/p>\n\n\n\n<p>Pentru aceast\u0103 activitate a fost elaborat\u0103 o metodologie specific\u0103 alc\u0103tuit\u0103 at\u00e2t din munc\u0103 de birou, c\u00e2t \u0219i dintr-o serie de ateliere interactive cu fermierii \u0219i consilierii din toate \u021b\u0103rile partenere.<\/p>\n\n\n\n<p>Recomand\u0103rile finale au fost integrate \u00een contextul preg\u0103tirilor pentru politica agricol\u0103 comun\u0103 (PAC) 2023-2027 \u0219i al necesit\u0103\u021bii ca serviciile de consultan\u021b\u0103 agricol\u0103 s\u0103 joace un rol mult mai important \u00een sprijinirea tranzi\u021biei c\u0103tre o agricultur\u0103 mai durabil\u0103 \u0219i mai inteligent\u0103 din punct de vedere climatic. Rezultatele finale ale acestui pachet de lucru au inclus:<\/p>\n\n\n\n<ul><li>Exemple bune \u0219i bune practici pentru sisteme de consiliere agricol\u0103 bine conectate \u0219i eficiente<\/li><li>Recomand\u0103ri pentru \u00eembun\u0103t\u0103\u021birea performan\u021bei \u0219i eficien\u021bei serviciilor de consiliere<\/li><li>Sugestii pentru \u00eembun\u0103t\u0103\u021birea modelelor de guvernan\u021b\u0103 \u0219i a mecanismelor de politici publice aferente<\/li><\/ul>\n\n\n\n<hr class=\"wp-block-separator\"\/>\n\n\n\n<p>Afla\u021bi mai multe <a href=\"https:\/\/www.agrilink2020.eu\/wp-content\/uploads\/2022\/01\/AgriLink.Policy.recommendations.report_Deliverable_26.pdf\" target=\"_blank\" rel=\"noreferrer noopener\">aici.<\/a><\/p>\n\n\n\n<hr class=\"wp-block-separator\"\/>\n","protected":false},"excerpt":{"rendered":"<p>Proiectul AgriLink a generat o mare cantitate de rezultate de cercetare (inclusiv date cantitative \u0219i calitative), \u00een special din pachetele de lucru 2, 3 \u0219i 4. Sarcina acestui pachet de lucru a fost de a integra \u0219i de a analiza toate aceste rezultate ale cercet\u0103rii pentru a identifica lec\u021biile cheie \u00eenv\u0103\u021bate \u00een timpul proiectului \u0219i &hellip; <a href=\"https:\/\/www.agrilink2020.eu\/ro\/pachete-de-lucru\/pachetul-de-lucru-5-analize-si-recomandari\">Continued<\/a><\/p>\n","protected":false},"author":1,"featured_media":0,"parent":4845,"menu_order":0,"comment_status":"closed","ping_status":"closed","template":"views\/template-child.blade.php","meta":[],"_links":{"self":[{"href":"https:\/\/www.agrilink2020.eu\/ro\/wp-json\/wp\/v2\/pages\/5656"}],"collection":[{"href":"https:\/\/www.agrilink2020.eu\/ro\/wp-json\/wp\/v2\/pages"}],"about":[{"href":"https:\/\/www.agrilink2020.eu\/ro\/wp-json\/wp\/v2\/types\/page"}],"author":[{"embeddable":true,"href":"https:\/\/www.agrilink2020.eu\/ro\/wp-json\/wp\/v2\/users\/1"}],"replies":[{"embeddable":true,"href":"https:\/\/www.agrilink2020.eu\/ro\/wp-json\/wp\/v2\/comments?post=5656"}],"version-history":[{"count":3,"href":"https:\/\/www.agrilink2020.eu\/ro\/wp-json\/wp\/v2\/pages\/5656\/revisions"}],"predecessor-version":[{"id":5681,"href":"https:\/\/www.agrilink2020.eu\/ro\/wp-json\/wp\/v2\/pages\/5656\/revisions\/5681"}],"up":[{"embeddable":true,"href":"https:\/\/www.agrilink2020.eu\/ro\/wp-json\/wp\/v2\/pages\/4845"}],"wp:attachment":[{"href":"https:\/\/www.agrilink2020.eu\/ro\/wp-json\/wp\/v2\/media?parent=5656"}],"curies":[{"name":"wp","href":"https:\/\/api.w.org\/{rel}","templated":true}]}}